{"id":22560,"date":"2022-03-07T17:44:40","date_gmt":"2022-03-07T16:44:40","guid":{"rendered":"https:\/\/ordesasobrarbe.com\/?page_id=22560"},"modified":"2022-03-07T17:48:27","modified_gmt":"2022-03-07T16:48:27","slug":"proyectos-de-los-que-participamos","status":"publish","type":"page","link":"https:\/\/ordesasobrarbe.com\/en\/proyectos-de-los-que-participamos\/","title":{"rendered":"Proyectos de los que participamos"},"content":{"rendered":"<table style=\"border-collapse: collapse; width: 50%;\">\n<tbody>\n<tr>\n<td style=\"width: 21.7392%; text-align: center; border: 1px solid black;\"><a href=\"https:\/\/ordesasobrarbe.com\/wp-content\/uploads\/2022\/03\/logo-interreg-poctefa-rgb.jpg\"><img loading=\"lazy\" decoding=\"async\" class=\"aligncenter wp-image-22564 size-full\" src=\"https:\/\/ordesasobrarbe.com\/wp-content\/uploads\/2022\/03\/logo-interreg-poctefa-rgb.jpg\" alt=\"\" width=\"160\" height=\"55\" \/><\/a><\/td>\n<td style=\"width: 20.8946%; text-align: center; border: 1px solid black;\"><a href=\"https:\/\/ordesasobrarbe.com\/wp-content\/uploads\/2022\/03\/logo-sobrarbe-aure_louron.jpg\"><img loading=\"lazy\" decoding=\"async\" class=\"alignnone wp-image-22567 size-thumbnail\" src=\"https:\/\/ordesasobrarbe.com\/wp-content\/uploads\/2022\/03\/logo-sobrarbe-aure_louron-150x65.jpg\" alt=\"\" width=\"150\" height=\"65\" \/><\/a><\/td>\n<\/tr>\n<\/tbody>\n<\/table>\n<p><span style=\"font-size: 12pt;\"><strong>Un territorio com\u00fan transfronterizo Espa\u00f1a- Francia. Un proyecto lleno de experiencias tur\u00edsticas, culturales y naturaleza. El legado de la estrecha relaci\u00f3n que ha existido entre estos valles desde hace siglos.<\/strong><\/span><\/p>\n<p>Quince socios de Sobrarbe y los Valles de Aure y Louron (Pyr\u00e9n\u00e9es2Vall\u00e9es), unidos a trav\u00e9s del T\u00fanel de Bielsa-Aragnouet, trabajan conjuntamente para generar una estrategia de desarrollo socio-econ\u00f3mico sostenible en el territorio, poniendo en valor su patrimonio natural y cultural y, la creaci\u00f3n de productos tur\u00edsticos transfronterizos.<br \/>\nSu objetivo: consolidar un \u00daNICO DESTINO TUR\u00cdSTICO.<br \/>\nEste es el sello de Pirineos Sobrarbe Aure-Louron y el proyecto DUSAL es la herramienta para realizarlo . Proyecto cofinanciado al 65% por el Fondo Europeo de Desarrollo Regional FEDER.<\/p>\n<p>&nbsp;<\/p>\n<p>M\u00e1s informaci\u00f3n sobre el programa europeo INTERREG POCTEFA:<br \/>\n<a href=\"http:\/\/www.poctefa.eu\" target=\"_blank\" rel=\"noopener\">www.poctefa.eu<\/a><br \/>\n<a href=\"https:\/\/ec.europa.eu\/regional_policy\/es\/\" target=\"_blank\" rel=\"noopener\">https:\/\/ec.europa.eu\/regional_policy\/es\/<\/a><\/p>\n<p>M\u00e1s informaci\u00f3n sobre el proyecto POCTEFA DUSAL:<\/p>\n<p><a href=\"https:\/\/pirineos-sobrarbe-aure-louron.com\/\" target=\"_blank\" rel=\"noopener\">https:\/\/pirineos-sobrarbe-aure-louron.com\/<\/a><\/p>\n","protected":false},"excerpt":{"rendered":"<p>Un territorio com\u00fan transfronterizo Espa\u00f1a- Francia. Un proyecto lleno de experiencias tur\u00edsticas, culturales y naturaleza. El legado de la estrecha relaci\u00f3n que ha existido entre estos valles desde hace siglos. Quince socios de Sobrarbe y los Valles de Aure y Louron (Pyr\u00e9n\u00e9es2Vall\u00e9es), unidos a trav\u00e9s del T\u00fanel de Bielsa-Aragnouet, trabajan conjuntamente para generar una estrategia [&hellip;]<\/p>\n","protected":false},"author":1,"featured_media":30704,"parent":0,"menu_order":0,"comment_status":"closed","ping_status":"closed","template":"","meta":{"_et_pb_use_builder":"","_et_pb_old_content":"","_et_gb_content_width":"","footnotes":""},"tags":[],"class_list":["post-22560","page","type-page","status-publish","has-post-thumbnail","hentry"],"publishpress_future_workflow_manual_trigger":{"enabledWorkflows":[]},"_links":{"self":[{"href":"https:\/\/ordesasobrarbe.com\/en\/wp-json\/wp\/v2\/pages\/22560","targetHints":{"allow":["GET"]}}],"collection":[{"href":"https:\/\/ordesasobrarbe.com\/en\/wp-json\/wp\/v2\/pages"}],"about":[{"href":"https:\/\/ordesasobrarbe.com\/en\/wp-json\/wp\/v2\/types\/page"}],"author":[{"embeddable":true,"href":"https:\/\/ordesasobrarbe.com\/en\/wp-json\/wp\/v2\/users\/1"}],"replies":[{"embeddable":true,"href":"https:\/\/ordesasobrarbe.com\/en\/wp-json\/wp\/v2\/comments?post=22560"}],"version-history":[{"count":0,"href":"https:\/\/ordesasobrarbe.com\/en\/wp-json\/wp\/v2\/pages\/22560\/revisions"}],"wp:featuredmedia":[{"embeddable":true,"href":"https:\/\/ordesasobrarbe.com\/en\/wp-json\/wp\/v2\/media\/30704"}],"wp:attachment":[{"href":"https:\/\/ordesasobrarbe.com\/en\/wp-json\/wp\/v2\/media?parent=22560"}],"wp:term":[{"taxonomy":"post_tag","embeddable":true,"href":"https:\/\/ordesasobrarbe.com\/en\/wp-json\/wp\/v2\/tags?post=22560"}],"curies":[{"name":"wp","href":"https:\/\/api.w.org\/{rel}","templated":true}]}}