{"id":22609,"date":"2022-03-07T18:43:40","date_gmt":"2022-03-07T17:43:40","guid":{"rendered":"https:\/\/ordesasobrarbe.com\/cursos-de-formacion\/"},"modified":"2022-03-07T18:43:40","modified_gmt":"2022-03-07T17:43:40","slug":"cursos-de-formacion","status":"publish","type":"page","link":"https:\/\/ordesasobrarbe.com\/en\/cursos-de-formacion\/","title":{"rendered":"Cursos de formaci\u00f3n"},"content":{"rendered":"<h2 style=\"font-weight: 400;\"><strong>Listado de cursos:<\/strong><\/h2>\n<p>&#8211;<\/p>\n<p>&nbsp;<\/p>\n<h2><strong>Cursos realizados:<\/strong><\/h2>\n<ul>\n<li style=\"font-weight: 400;\">Curso de liderazgo y direcci\u00f3n eficaz de equipos<\/li>\n<li style=\"font-weight: 400;\">Curso de franc\u00e9s A2 &#8211; INAEM<\/li>\n<li style=\"font-weight: 400;\">Pildoras formativas FECOS &#8211; 8 Talleres formativos<\/li>\n<li style=\"font-weight: 400;\">Curso Ingl\u00e9s A2<\/li>\n<li style=\"font-weight: 400;\">Curso Videomarketing<\/li>\n<li style=\"font-weight: 400;\">Taller marketing y reputaci\u00f3n digital<\/li>\n<li style=\"font-weight: 400;\">Curso posicionamiento SEM y adwords<\/li>\n<li style=\"font-weight: 400;\">Curso intensivo franc\u00e9s profesional<\/li>\n<li style=\"font-weight: 400;\">Taller Crea tu Blog<\/li>\n<li style=\"font-weight: 400;\">Curso de manipulaci\u00f3n de alimentos 06\/07\/2016<\/li>\n<li style=\"font-weight: 400;\">Curso de google analytics<\/li>\n<li style=\"font-weight: 400;\">curso de lopd<\/li>\n<li style=\"font-weight: 400;\">Cursos marzo y abril 2016<\/li>\n<li style=\"font-weight: 400;\">Curso franc\u00e9s atenci\u00f3n al p\u00fablico INAEM<\/li>\n<li style=\"font-weight: 400;\">Curso de franc\u00e9s tur\u00edstico en Fiscal y Lafortunada<\/li>\n<li style=\"font-weight: 400;\">Charlas de comercio<\/li>\n<li style=\"font-weight: 400;\">Curso renovaci\u00f3n legionella<\/li>\n<li style=\"font-weight: 400;\">Curso de ingl\u00e9s tur\u00edstico de 62 horas<\/li>\n<li style=\"font-weight: 400;\">Charla Formativa al\u00e9rgenos<\/li>\n<li style=\"font-weight: 400;\">Curso de redacci\u00f3n de contenidos on line<\/li>\n<li style=\"font-weight: 400;\">Curso de franc\u00e9s tur\u00edstico \/atenci\u00f3n al visitante<\/li>\n<li style=\"font-weight: 400;\">Reuniones eficientes y mejora en la comunicacion<\/li>\n<li style=\"font-weight: 400;\">Curso de posicionamiento SEO para empresas<\/li>\n<li style=\"font-weight: 400;\">Curso de estrategia empresarial: the Hero Plan<\/li>\n<li style=\"font-weight: 400;\">Cursos del IAF<\/li>\n<li style=\"font-weight: 400;\">cursos INAEM<\/li>\n<li style=\"font-weight: 400;\">Cursos Noviembre 2014<\/li>\n<li>Cursos Septiembre 2014<\/li>\n<li>Cursos Junio 2014<\/li>\n<li>Cursos Marzo 2014<\/li>\n<li>Cursos Febrero 2014<\/li>\n<li>Cursos Enero 2014<\/li>\n<li>Cursos Diciembre 2013<\/li>\n<li>Cursos Octubre 2013<\/li>\n<li>Cursos Septiembre 2013<\/li>\n<li>Cursos Junio 2013<\/li>\n<li>Cursos Mayo 2013<\/li>\n<li>Cursos Abril 2013<\/li>\n<li>Cursos Marzo 2013<\/li>\n<li>Cursos Febrero 2013<\/li>\n<li>Todo el a\u00f1o<\/li>\n<li>Taller T\u00e9cnicas de venta<\/li>\n<\/ul>\n","protected":false},"excerpt":{"rendered":"<p>Listado de cursos: &#8211; &nbsp; Cursos realizados: Curso de liderazgo y direcci\u00f3n eficaz de equipos Curso de franc\u00e9s A2 &#8211; INAEM Pildoras formativas FECOS &#8211; 8 Talleres formativos Curso Ingl\u00e9s A2 Curso Videomarketing Taller marketing y reputaci\u00f3n digital Curso posicionamiento SEM y adwords Curso intensivo franc\u00e9s profesional Taller Crea tu Blog Curso de manipulaci\u00f3n de [&hellip;]<\/p>\n","protected":false},"author":1,"featured_media":30704,"parent":0,"menu_order":0,"comment_status":"closed","ping_status":"closed","template":"","meta":{"_et_pb_use_builder":"","_et_pb_old_content":"","_et_gb_content_width":"","footnotes":""},"tags":[],"class_list":["post-22609","page","type-page","status-publish","has-post-thumbnail","hentry"],"publishpress_future_workflow_manual_trigger":{"enabledWorkflows":[]},"_links":{"self":[{"href":"https:\/\/ordesasobrarbe.com\/en\/wp-json\/wp\/v2\/pages\/22609","targetHints":{"allow":["GET"]}}],"collection":[{"href":"https:\/\/ordesasobrarbe.com\/en\/wp-json\/wp\/v2\/pages"}],"about":[{"href":"https:\/\/ordesasobrarbe.com\/en\/wp-json\/wp\/v2\/types\/page"}],"author":[{"embeddable":true,"href":"https:\/\/ordesasobrarbe.com\/en\/wp-json\/wp\/v2\/users\/1"}],"replies":[{"embeddable":true,"href":"https:\/\/ordesasobrarbe.com\/en\/wp-json\/wp\/v2\/comments?post=22609"}],"version-history":[{"count":0,"href":"https:\/\/ordesasobrarbe.com\/en\/wp-json\/wp\/v2\/pages\/22609\/revisions"}],"wp:featuredmedia":[{"embeddable":true,"href":"https:\/\/ordesasobrarbe.com\/en\/wp-json\/wp\/v2\/media\/30704"}],"wp:attachment":[{"href":"https:\/\/ordesasobrarbe.com\/en\/wp-json\/wp\/v2\/media?parent=22609"}],"wp:term":[{"taxonomy":"post_tag","embeddable":true,"href":"https:\/\/ordesasobrarbe.com\/en\/wp-json\/wp\/v2\/tags?post=22609"}],"curies":[{"name":"wp","href":"https:\/\/api.w.org\/{rel}","templated":true}]}}