{"id":922,"date":"2018-10-25T15:59:17","date_gmt":"2018-10-25T13:59:17","guid":{"rendered":"https:\/\/ordesasobrarbe.com\/comarca-sobrarbe\/"},"modified":"2023-11-03T15:34:18","modified_gmt":"2023-11-03T14:34:18","slug":"the-sobrarbe-region","status":"publish","type":"page","link":"https:\/\/ordesasobrarbe.com\/en\/the-sobrarbe-region\/","title":{"rendered":"The Sobrarbe Region"},"content":{"rendered":"<p>[et_pb_section fb_built=&#8221;1&#8243; fullwidth=&#8221;on&#8221; _builder_version=&#8221;4.16&#8243; global_colors_info=&#8221;{}&#8221;][et_pb_fullwidth_slider _builder_version=&#8221;4.16&#8243; z_index_tablet=&#8221;500&#8243; global_colors_info=&#8221;{}&#8221;][et_pb_slide heading=&#8221;The Sobrarbe Region&#8221; use_bg_overlay=&#8221;off&#8221; use_text_overlay=&#8221;off&#8221; _builder_version=&#8221;4.16&#8243; background_image=&#8221;https:\/\/ordesasobrarbe.com\/wp-content\/uploads\/2014\/05\/pn_posets_maladeta_principal_red.jpg&#8221; button_on_hover=&#8221;on&#8221; global_colors_info=&#8221;{}&#8221; sticky_transition=&#8221;on&#8221;][\/et_pb_slide][\/et_pb_fullwidth_slider][\/et_pb_section][et_pb_section fb_built=&#8221;1&#8243; _builder_version=&#8221;4.16&#8243; global_colors_info=&#8221;{}&#8221;][et_pb_row _builder_version=&#8221;4.16&#8243; background_size=&#8221;initial&#8221; background_position=&#8221;top_left&#8221; background_repeat=&#8221;repeat&#8221; global_colors_info=&#8221;{}&#8221;][et_pb_column type=&#8221;4_4&#8243; _builder_version=&#8221;4.16&#8243; custom_padding=&#8221;|||&#8221; global_colors_info=&#8221;{}&#8221; custom_padding__hover=&#8221;|||&#8221;][et_pb_text _builder_version=&#8221;4.16&#8243; global_colors_info=&#8221;{}&#8221;]<\/p>\n<h1>Presenting The Sobrarbe Region<\/h1>\n<p>The Sobrarbe region is situated in the heart of the Aragonese Pyrenees in the province of Huesca.<\/p>\n<p>Sobrarbe occupies <strong>2.200 square kilometres <\/strong>of the central Pyrenees and pre-Pyrenean sierras as well as the River Ara basin and the headwaters and tributaries of the River Cinca.<\/p>\n<p>8ooo people currently live in Sobrarbe, most of them working in the primary and secondary sectors (services).<\/p>\n<p>The Sobrarbe\u2019s northern region is furrowed by the valleys of the Rivers Ara, Cinca and Cinqueta. The central area is made up of several plain areas such as Broto, Fiscal, Arcusa and La Fueva. The pre-Pyrenean ranges of Guara y Ols\u00f3n lie to the south.<\/p>\n<p>The landscape is defined by <strong>its high altitudes<\/strong> and <strong>rough terrain<\/strong> : <strong>62 % of its\u00a0 territory lies at an altitude of more than 1.000 mts<\/strong>, <strong>31%\u00a0 is between 601 y 1000 mts <\/strong>and only\u00a0 <strong>6%<\/strong> of\u00a0 its territories are between altitudes of <strong>401 y 600mts.<\/strong><\/p>\n<p>The region boasts a National Park (PN of Ordesa and Monte Perdido) and two Natural Parks (Posets Maladeta and Sierra and Canyons of Guara), in addition to endless magical nooks and crannies.<\/p>\n<p>Sobrarbe has nature, heritage, leisure and relaxation to offer for all ages. Through this website, we hope to reveal our region and people\u2019s rich culture to you the visitor and help you to get to know it better.<\/p>\n<p>&nbsp;<\/p>\n<p>Have a good visit to Sobrarbe!<\/p>\n<h2>Sobrarbe as seen by internet users : travel blogs<\/h2>\n<p>Sobrarbe\u2019s praises are sung in numerous blogs, some of which you can follow through these links:<\/p>\n<ul>\n<li><a href=\"http:\/\/www.nadaincluido.com\/ainsa-ordesa-y-otros-lugares-del-sobrarbe-aragones\/\" target=\"_blank\" rel=\"noopener noreferrer\" data-cke-saved-href=\"http:\/\/www.nadaincluido.com\/ainsa-ordesa-y-otros-lugares-del-sobrarbe-aragones\/\" data-cke-saved->Nada Incluido: Ainsa, Ordesa y otros lugares del Sobrarbe<\/a><\/li>\n<li><a href=\"http:\/\/www.unmundopara3.com\/category\/sobrarbe\/\" target=\"_blank\" rel=\"noopener noreferrer\" data-cke-saved-href=\"http:\/\/www.unmundopara3.com\/category\/sobrarbe\/\" data-cke-saved->Un mundo para 3: el Sobrarbe<\/a><\/li>\n<li><a href=\"https:\/\/atomarpormundo.com\/sobrarbe-pirineo-aragones\/?platform=hootsuite\" target=\"_blank\" rel=\"noopener noreferrer\" data-cke-saved-href=\"https:\/\/atomarpormundo.com\/sobrarbe-pirineo-aragones\/?platform=hootsuite\" data-cke-saved->A tomar por Mundo: Sobrarbe, Pirineo aragon\u00e9s<\/a><\/li>\n<li><a href=\"https:\/\/www.miruta.es\/sobrarbe-el-pirineo-aragones-menos-conocido\/\" target=\"_blank\" rel=\"noopener noreferrer\" data-cke-saved-href=\"https:\/\/www.miruta.es\/sobrarbe-el-pirineo-aragones-menos-conocido\/\" data-cke-saved->Mi Ruta : Sobrarbe, el Pirineo Aragon\u00e9s menos conocido<\/a><\/li>\n<li><a href=\"https:\/\/familiasenruta.com\/experiencias\/famenruta\/sobrarbe-huesca-con-ninos\/\" target=\"_blank\" rel=\"noopener noreferrer\" data-cke-saved-href=\"https:\/\/familiasenruta.com\/experiencias\/famenruta\/sobrarbe-huesca-con-ninos\/\" data-cke-saved->Familias en ruta: Sobrarbe, Huesca. Una comarca incomparable<\/a><\/li>\n<li><a href=\"http:\/\/www.ignacioizquierdo.com\/categoria\/espana\/aragon\/\" target=\"_blank\" rel=\"noopener noreferrer\" data-cke-saved-href=\"http:\/\/www.ignacioizquierdo.com\/categoria\/espana\/aragon\/\" data-cke-saved->Cr\u00f3nicas de una c\u00e1mara<\/a><\/li>\n<li><a href=\"https:\/\/www.abcviajes.com\/turismo\/sobrarbe_desde_las_alturas.php\" target=\"_blank\" rel=\"noopener noreferrer\" data-cke-saved-href=\"https:\/\/www.abcviajes.com\/turismo\/sobrarbe_desde_las_alturas.php\" data-cke-saved->abcviajes : Sobrarbe desde las alturas<\/a><\/li>\n<li><a href=\"https:\/\/www.365sabadosviajando.com\/europa\/espana\/pirineo-aragones\/sobrarbe\/\" target=\"_blank\" rel=\"noopener noreferrer\" data-cke-saved-href=\"https:\/\/www.365sabadosviajando.com\/europa\/espana\/pirineo-aragones\/sobrarbe\/\" data-cke-saved->365 s\u00e1bados viajando : el d\u00eda que me enamor\u00e9 del hielo en Sobrarbe<\/a><\/li>\n<li><a href=\"https:\/\/losviajesdeclaudia.com\/espana\/huesca\/ainsa-un-casco-historico-que-sorprende\/\" target=\"_blank\" rel=\"noopener noreferrer\" data-cke-saved-href=\"https:\/\/losviajesdeclaudia.com\/espana\/huesca\/ainsa-un-casco-historico-que-sorprende\/\" data-cke-saved->Los viajes de Claudia<\/a>\n<ul>\n<li style=\"list-style-type: none;\">\n<ul>\n<li><a href=\"https:\/\/losviajesdeclaudia.com\/espana\/huesca\/ainsa-un-casco-historico-que-sorprende\/\" target=\"_blank\" rel=\"noopener noreferrer\" data-cke-saved-href=\"https:\/\/losviajesdeclaudia.com\/espana\/huesca\/ainsa-un-casco-historico-que-sorprende\/\" data-cke-saved->Ainsa un casco hist\u00f3rico que sorprende<\/a><\/li>\n<li><a href=\"https:\/\/losviajesdeclaudia.com\/espana\/huesca\/pueblos-fantasma-de-espana-janovas\/\" target=\"_blank\" rel=\"noopener noreferrer\" data-cke-saved-href=\"https:\/\/losviajesdeclaudia.com\/espana\/huesca\/pueblos-fantasma-de-espana-janovas\/\" data-cke-saved->Pueblos fantasmas de Espa\u00f1a: J\u00e1novas<\/a><\/li>\n<\/ul>\n<\/li>\n<\/ul>\n<\/li>\n<li>Mundo x descubrir\n<ul>\n<li>Parque Nacional de Ordesa y Monte Perdido<\/li>\n<li>Ainsa, capital del Sobrarbe<\/li>\n<\/ul>\n<\/li>\n<\/ul>\n<h2>Galer\u00eda de Fotos de Sobrarbe<\/h2>\n<style type=\"text\/css\">\n#foogallery-gallery-634 .fg-image { width: 150px; }\n#foogallery-gallery-634 { --fg-gutter: 10px; }<\/style>\n\t\t\t<div class=\"foogallery foogallery-container foogallery-default foogallery-lightbox-foobox fg-center fg-default fg-ready fg-light fg-border-thin fg-shadow-outline fg-loading-default fg-loaded-fade-in fg-caption-hover fg-hover-fade fg-hover-zoom\" id=\"foogallery-gallery-634\" data-foogallery=\"{&quot;item&quot;:{&quot;showCaptionTitle&quot;:true,&quot;showCaptionDescription&quot;:true},&quot;lazy&quot;:true}\" style=\"--fg-title-line-clamp: 0; --fg-description-line-clamp: 0;\" >\n\t<div class=\"fg-item fg-type-image fg-idle\"><figure class=\"fg-item-inner\"><a href=\"https:\/\/ordesasobrarbe.com\/wp-content\/uploads\/2018\/10\/aguas_blancas.jpg\" data-caption-title=\"AETS Ordesa Sobrarbe Pirineos\" data-caption-desc=\"AETS Ordesa Sobrarbe Pirineos\" data-attachment-id=\"27973\" data-type=\"image\" class=\"fg-thumb\"><span class=\"fg-image-wrap\"><img decoding=\"async\" title=\"AETS Ordesa Sobrarbe Pirineos\" width=\"150\" height=\"150\" class=\"skip-lazy fg-image\" data-no-lazy=\"1\" data-src-fg=\"https:\/\/ordesasobrarbe.com\/wp-content\/uploads\/cache\/2018\/10\/aguas_blancas\/2694400032.jpg\" src=\"data:image\/svg+xml,%3Csvg%20xmlns%3D%22http%3A%2F%2Fwww.w3.org%2F2000%2Fsvg%22%20width%3D%22150%22%20height%3D%22150%22%20viewBox%3D%220%200%20150%20150%22%3E%3C%2Fsvg%3E\" loading=\"eager\"><\/span><span class=\"fg-image-overlay\"><\/span><\/a><figcaption class=\"fg-caption\"><div class=\"fg-caption-inner\"><div class=\"fg-caption-title\">AETS Ordesa Sobrarbe Pirineos<\/div><div class=\"fg-caption-desc\">AETS Ordesa Sobrarbe Pirineos<\/div><\/div><\/figcaption><\/figure><div class=\"fg-loader\"><\/div><\/div><div class=\"fg-item fg-type-image fg-idle\"><figure class=\"fg-item-inner\"><a href=\"https:\/\/ordesasobrarbe.com\/wp-content\/uploads\/2018\/10\/ainsa_desde_el_castillo.jpg\" data-caption-title=\"AETS Ordesa Sobrarbe Pirineos\" data-caption-desc=\"AETS Ordesa Sobrarbe Pirineos\" data-attachment-id=\"27971\" data-type=\"image\" class=\"fg-thumb\"><span class=\"fg-image-wrap\"><img decoding=\"async\" title=\"AETS Ordesa Sobrarbe Pirineos\" width=\"150\" height=\"150\" class=\"skip-lazy fg-image\" data-no-lazy=\"1\" data-src-fg=\"https:\/\/ordesasobrarbe.com\/wp-content\/uploads\/cache\/2018\/10\/ainsa_desde_el_castillo\/3455887760.jpg\" src=\"data:image\/svg+xml,%3Csvg%20xmlns%3D%22http%3A%2F%2Fwww.w3.org%2F2000%2Fsvg%22%20width%3D%22150%22%20height%3D%22150%22%20viewBox%3D%220%200%20150%20150%22%3E%3C%2Fsvg%3E\" loading=\"eager\"><\/span><span class=\"fg-image-overlay\"><\/span><\/a><figcaption class=\"fg-caption\"><div class=\"fg-caption-inner\"><div class=\"fg-caption-title\">AETS Ordesa Sobrarbe Pirineos<\/div><div class=\"fg-caption-desc\">AETS Ordesa Sobrarbe Pirineos<\/div><\/div><\/figcaption><\/figure><div class=\"fg-loader\"><\/div><\/div><div class=\"fg-item fg-type-image fg-idle\"><figure class=\"fg-item-inner\"><a href=\"https:\/\/ordesasobrarbe.com\/wp-content\/uploads\/2018\/10\/barrancos_8_ekm.jpg\" data-caption-title=\"AETS Ordesa Sobrarbe Pirineos\" data-caption-desc=\"AETS Ordesa Sobrarbe Pirineos\" data-attachment-id=\"27969\" data-type=\"image\" class=\"fg-thumb\"><span class=\"fg-image-wrap\"><img decoding=\"async\" title=\"AETS Ordesa Sobrarbe Pirineos\" width=\"150\" height=\"150\" class=\"skip-lazy fg-image\" data-no-lazy=\"1\" data-src-fg=\"https:\/\/ordesasobrarbe.com\/wp-content\/uploads\/cache\/2018\/10\/barrancos_8_ekm\/4062991746.jpg\" src=\"data:image\/svg+xml,%3Csvg%20xmlns%3D%22http%3A%2F%2Fwww.w3.org%2F2000%2Fsvg%22%20width%3D%22150%22%20height%3D%22150%22%20viewBox%3D%220%200%20150%20150%22%3E%3C%2Fsvg%3E\" loading=\"eager\"><\/span><span class=\"fg-image-overlay\"><\/span><\/a><figcaption class=\"fg-caption\"><div class=\"fg-caption-inner\"><div class=\"fg-caption-title\">AETS Ordesa Sobrarbe Pirineos<\/div><div class=\"fg-caption-desc\">AETS Ordesa Sobrarbe Pirineos<\/div><\/div><\/figcaption><\/figure><div class=\"fg-loader\"><\/div><\/div><div class=\"fg-item fg-type-image fg-idle\"><figure class=\"fg-item-inner\"><a href=\"https:\/\/ordesasobrarbe.com\/wp-content\/uploads\/2018\/10\/barrosa.jpg\" data-caption-title=\"AETS Ordesa Sobrarbe Pirineos\" data-caption-desc=\"AETS Ordesa Sobrarbe Pirineos\" data-attachment-id=\"27967\" data-type=\"image\" class=\"fg-thumb\"><span class=\"fg-image-wrap\"><img decoding=\"async\" title=\"AETS Ordesa Sobrarbe Pirineos\" width=\"150\" height=\"150\" class=\"skip-lazy fg-image\" data-no-lazy=\"1\" data-src-fg=\"https:\/\/ordesasobrarbe.com\/wp-content\/uploads\/cache\/2018\/10\/barrosa\/4147978460.jpg\" src=\"data:image\/svg+xml,%3Csvg%20xmlns%3D%22http%3A%2F%2Fwww.w3.org%2F2000%2Fsvg%22%20width%3D%22150%22%20height%3D%22150%22%20viewBox%3D%220%200%20150%20150%22%3E%3C%2Fsvg%3E\" loading=\"eager\"><\/span><span class=\"fg-image-overlay\"><\/span><\/a><figcaption class=\"fg-caption\"><div class=\"fg-caption-inner\"><div class=\"fg-caption-title\">AETS Ordesa Sobrarbe Pirineos<\/div><div class=\"fg-caption-desc\">AETS Ordesa Sobrarbe Pirineos<\/div><\/div><\/figcaption><\/figure><div class=\"fg-loader\"><\/div><\/div><div class=\"fg-item fg-type-image fg-idle\"><figure class=\"fg-item-inner\"><a href=\"https:\/\/ordesasobrarbe.com\/wp-content\/uploads\/2018\/10\/caixigo_gigante_cerca_de_lecina.jpg\" data-caption-title=\"AETS Ordesa Sobrarbe Pirineos\" data-caption-desc=\"AETS Ordesa Sobrarbe Pirineos\" data-attachment-id=\"27965\" data-type=\"image\" class=\"fg-thumb\"><span class=\"fg-image-wrap\"><img decoding=\"async\" title=\"AETS Ordesa Sobrarbe Pirineos\" width=\"150\" height=\"150\" class=\"skip-lazy fg-image\" data-no-lazy=\"1\" data-src-fg=\"https:\/\/ordesasobrarbe.com\/wp-content\/uploads\/cache\/2018\/10\/caixigo_gigante_cerca_de_lecina\/2896890351.jpg\" src=\"data:image\/svg+xml,%3Csvg%20xmlns%3D%22http%3A%2F%2Fwww.w3.org%2F2000%2Fsvg%22%20width%3D%22150%22%20height%3D%22150%22%20viewBox%3D%220%200%20150%20150%22%3E%3C%2Fsvg%3E\" loading=\"eager\"><\/span><span class=\"fg-image-overlay\"><\/span><\/a><figcaption class=\"fg-caption\"><div class=\"fg-caption-inner\"><div class=\"fg-caption-title\">AETS Ordesa Sobrarbe Pirineos<\/div><div class=\"fg-caption-desc\">AETS Ordesa Sobrarbe Pirineos<\/div><\/div><\/figcaption><\/figure><div class=\"fg-loader\"><\/div><\/div><div class=\"fg-item fg-type-image fg-idle\"><figure class=\"fg-item-inner\"><a href=\"https:\/\/ordesasobrarbe.com\/wp-content\/uploads\/2018\/10\/espeleo_2_ekm.jpg\" data-caption-title=\"AETS Ordesa Sobrarbe Pirineos\" data-caption-desc=\"AETS Ordesa Sobrarbe Pirineos\" data-attachment-id=\"27963\" data-type=\"image\" class=\"fg-thumb\"><span class=\"fg-image-wrap\"><img decoding=\"async\" title=\"AETS Ordesa Sobrarbe Pirineos\" width=\"150\" height=\"150\" class=\"skip-lazy fg-image\" data-no-lazy=\"1\" data-src-fg=\"https:\/\/ordesasobrarbe.com\/wp-content\/uploads\/cache\/2018\/10\/espeleo_2_ekm\/3472481580.jpg\" src=\"data:image\/svg+xml,%3Csvg%20xmlns%3D%22http%3A%2F%2Fwww.w3.org%2F2000%2Fsvg%22%20width%3D%22150%22%20height%3D%22150%22%20viewBox%3D%220%200%20150%20150%22%3E%3C%2Fsvg%3E\" loading=\"eager\"><\/span><span class=\"fg-image-overlay\"><\/span><\/a><figcaption class=\"fg-caption\"><div class=\"fg-caption-inner\"><div class=\"fg-caption-title\">AETS Ordesa Sobrarbe Pirineos<\/div><div class=\"fg-caption-desc\">AETS Ordesa Sobrarbe Pirineos<\/div><\/div><\/figcaption><\/figure><div class=\"fg-loader\"><\/div><\/div><\/div>\n\n<p>&nbsp;<\/p>\n<p>[\/et_pb_text][\/et_pb_column][\/et_pb_row][\/et_pb_section]<\/p>\n","protected":false},"excerpt":{"rendered":"<p>Presenting The Sobrarbe Region The Sobrarbe region is situated in the heart of the Aragonese Pyrenees in the province of Huesca. Sobrarbe occupies 2.200 square kilometres of the central Pyrenees and pre-Pyrenean sierras as well as the River Ara basin and the headwaters and tributaries of the River Cinca. 8ooo people currently live in Sobrarbe, [&hellip;]<\/p>\n","protected":false},"author":1,"featured_media":924,"parent":0,"menu_order":0,"comment_status":"closed","ping_status":"closed","template":"","meta":{"_et_pb_use_builder":"on","_et_pb_old_content":"<h1>Presentaci\u00f3n de la comarca de Sobrarbe:<\/h1><p>La Comarca del Sobrarbe est\u00e1 situada en el coraz\u00f3n del Pirineo Aragon\u00e9s, provincia de Huesca.<\/p><p>Sobrarbe, abarca <strong>2.200 kil\u00f3metros cuadrados <\/strong>de Pirineo Central y sierras del prepirineo, as\u00ed como la cuenca del r\u00edo Ara y la cabecera del Cinca con sus afluentes.<\/p><p>Actualmente en Sobrarbe viven unos 8.000 habitantes, dedicados en su mayor\u00eda a los sectores primario y terciario (servicios).<\/p><p>La Comarca de Sobrarbe presenta una zona norte monta\u00f1osa surcada por los valles de los rios Ara, Cinca y Cinqueta. La zona central est\u00e1 ocupada por diversas depresiones como Broto, Fiscal, Arcusa, La Fueva. Al sur aparecen las sierras prepirenaicas de Guara y Ols\u00f3n.<\/p><p>Nos encontramos ante un espacio definido por <strong>su elevada altitud<\/strong> y por su <strong>topograf\u00eda accidentada<\/strong>:el <strong>62 % del territorio se encuentra a m\u00e1s de 1.000 m. de altitud<\/strong>,el <strong>31% se sit\u00faa entre 601 y 1000 m <\/strong>y s\u00f3lo un <strong>6%<\/strong> del territorio est\u00e1 situado <strong>entre 401 y 600m.<\/strong> de altitud.<\/p><p>La comarca cuenta con un Parque Nacional (PN de Ordesa y Monte Perdido) y dos Parques Naturales (Posets Maladeta y Sierra y Ca\u00f1ones de Guara), adem\u00e1s de infinidad de rincones buc\u00f3licos, especiales y algo m\u00e1gicos.<\/p><p>Sobrarbe ofrece naturaleza, patrimonio, ocio y relax para todas las edades. A trav\u00e9s de esta web, pretendemos dar a conocer mejor la riqueza de nuestra comarca y de sus gentes, volcadas en el vistante.<\/p><p>Buena visita a Sobrarbe!<\/p><h2>II- El Sobrarbe visto por los internautas: blogs de viajes<\/h2><p>Muchos blogs se hacen eco de las maravillas del Sobrarbe... aqu\u00ed te dejamos unos cuantos enlaces<\/p><ul><li><a href=\"http:\/\/www.nadaincluido.com\/ainsa-ordesa-y-otros-lugares-del-sobrarbe-aragones\/\" target=\"_blank\" rel=\"noopener\" data-cke-saved-href=\"http:\/\/www.nadaincluido.com\/ainsa-ordesa-y-otros-lugares-del-sobrarbe-aragones\/\">Nada Incluido: Ainsa, Ordesa y otros lugares del Sobrarbe<\/a><\/li><li><a href=\"http:\/\/www.unmundopara3.com\/category\/sobrarbe\/\" target=\"_blank\" rel=\"noopener\" data-cke-saved-href=\"http:\/\/www.unmundopara3.com\/category\/sobrarbe\/\">Un mundo para 3: el Sobrarbe<\/a><\/li><li><a href=\"https:\/\/atomarpormundo.com\/sobrarbe-pirineo-aragones\/?platform=hootsuite\" target=\"_blank\" rel=\"noopener\" data-cke-saved-href=\"https:\/\/atomarpormundo.com\/sobrarbe-pirineo-aragones\/?platform=hootsuite\">A tomar por Mundo: Sobrarbe, Pirineo aragon\u00e9s<\/a><\/li><li><a href=\"https:\/\/www.miruta.es\/sobrarbe-el-pirineo-aragones-menos-conocido\/\" target=\"_blank\" rel=\"noopener\" data-cke-saved-href=\"https:\/\/www.miruta.es\/sobrarbe-el-pirineo-aragones-menos-conocido\/\">Mi Ruta : Sobrarbe, el Pirineo Aragon\u00e9s menos conocido<\/a><\/li><li><a href=\"https:\/\/familiasenruta.com\/experiencias\/famenruta\/sobrarbe-huesca-con-ninos\/\" target=\"_blank\" rel=\"noopener\" data-cke-saved-href=\"https:\/\/familiasenruta.com\/experiencias\/famenruta\/sobrarbe-huesca-con-ninos\/\">Familias en ruta: Sobrarbe, Huesca. Una comarca incomparable<\/a><\/li><li><a href=\"http:\/\/www.ignacioizquierdo.com\/categoria\/espana\/aragon\/\" target=\"_blank\" rel=\"noopener\" data-cke-saved-href=\"http:\/\/www.ignacioizquierdo.com\/categoria\/espana\/aragon\/\">Cr\u00f3nicas de una c\u00e1mara<\/a><\/li><li><a href=\"https:\/\/www.abcviajes.com\/turismo\/sobrarbe_desde_las_alturas.php\" target=\"_blank\" rel=\"noopener\" data-cke-saved-href=\"https:\/\/www.abcviajes.com\/turismo\/sobrarbe_desde_las_alturas.php\">abcviajes : Sobrarbe desde las alturas<\/a><\/li><li><a href=\"https:\/\/www.365sabadosviajando.com\/europa\/espana\/pirineo-aragones\/sobrarbe\/\" target=\"_blank\" rel=\"noopener\" data-cke-saved-href=\"https:\/\/www.365sabadosviajando.com\/europa\/espana\/pirineo-aragones\/sobrarbe\/\">365 s\u00e1bados viajando : el d\u00eda que me enamor\u00e9 del hielo en Sobrarbe<\/a><\/li><li><a href=\"https:\/\/losviajesdeclaudia.com\/espana\/huesca\/ainsa-un-casco-historico-que-sorprende\/\" target=\"_blank\" rel=\"noopener\" data-cke-saved-href=\"https:\/\/losviajesdeclaudia.com\/espana\/huesca\/ainsa-un-casco-historico-que-sorprende\/\">Los viajes de Claudia<\/a><ul><li style=\"list-style-type: none;\"><ul><li><a href=\"https:\/\/losviajesdeclaudia.com\/espana\/huesca\/ainsa-un-casco-historico-que-sorprende\/\" target=\"_blank\" rel=\"noopener\" data-cke-saved-href=\"https:\/\/losviajesdeclaudia.com\/espana\/huesca\/ainsa-un-casco-historico-que-sorprende\/\">Ainsa un casco hist\u00f3rico que sorprende<\/a><\/li><li><a href=\"https:\/\/losviajesdeclaudia.com\/espana\/huesca\/pueblos-fantasma-de-espana-janovas\/\" target=\"_blank\" rel=\"noopener\" data-cke-saved-href=\"https:\/\/losviajesdeclaudia.com\/espana\/huesca\/pueblos-fantasma-de-espana-janovas\/\">Pueblos fantasmas de Espa\u00f1a: J\u00e1novas<\/a><\/li><\/ul><\/li><\/ul><\/li><li><a href=\"https:\/\/mundoxdescubrir.com\/naturaleza-sobrarbe-valle-ordesa-y-monte-perdido\/\" target=\"_blank\" rel=\"noopener\" data-cke-saved-href=\"https:\/\/mundoxdescubrir.com\/naturaleza-sobrarbe-valle-ordesa-y-monte-perdido\/\">Mundo x descubrir<\/a><ul><li><a href=\"https:\/\/mundoxdescubrir.com\/naturaleza-sobrarbe-valle-ordesa-y-monte-perdido\/\" target=\"_blank\" rel=\"noopener\" data-cke-saved-href=\"https:\/\/mundoxdescubrir.com\/naturaleza-sobrarbe-valle-ordesa-y-monte-perdido\/\">Parque Nacional de Ordesa y Monte Perdido<\/a><\/li><li><a href=\"https:\/\/mundoxdescubrir.com\/que-ver-y-hacer-en-ainsa-capital-del-sobrarbe-huesca-espana\/\" target=\"_blank\" rel=\"noopener\" data-cke-saved-href=\"https:\/\/mundoxdescubrir.com\/que-ver-y-hacer-en-ainsa-capital-del-sobrarbe-huesca-espana\/\">Ainsa, capital del Sobrarbe<\/a><\/li><\/ul><\/li><\/ul><h2>Galer\u00eda de Fotos de Sobrarbe<\/h2><p>[foogallery id=\"634\"]<\/p><p>\u00a0<\/p>","_et_gb_content_width":"","footnotes":""},"tags":[367,459],"class_list":["post-922","page","type-page","status-publish","has-post-thumbnail","hentry","tag-broto-en","tag-sobrarbe-en"],"publishpress_future_workflow_manual_trigger":{"enabledWorkflows":[]},"_links":{"self":[{"href":"https:\/\/ordesasobrarbe.com\/en\/wp-json\/wp\/v2\/pages\/922","targetHints":{"allow":["GET"]}}],"collection":[{"href":"https:\/\/ordesasobrarbe.com\/en\/wp-json\/wp\/v2\/pages"}],"about":[{"href":"https:\/\/ordesasobrarbe.com\/en\/wp-json\/wp\/v2\/types\/page"}],"author":[{"embeddable":true,"href":"https:\/\/ordesasobrarbe.com\/en\/wp-json\/wp\/v2\/users\/1"}],"replies":[{"embeddable":true,"href":"https:\/\/ordesasobrarbe.com\/en\/wp-json\/wp\/v2\/comments?post=922"}],"version-history":[{"count":3,"href":"https:\/\/ordesasobrarbe.com\/en\/wp-json\/wp\/v2\/pages\/922\/revisions"}],"predecessor-version":[{"id":27806,"href":"https:\/\/ordesasobrarbe.com\/en\/wp-json\/wp\/v2\/pages\/922\/revisions\/27806"}],"wp:featuredmedia":[{"embeddable":true,"href":"https:\/\/ordesasobrarbe.com\/en\/wp-json\/wp\/v2\/media\/924"}],"wp:attachment":[{"href":"https:\/\/ordesasobrarbe.com\/en\/wp-json\/wp\/v2\/media?parent=922"}],"wp:term":[{"taxonomy":"post_tag","embeddable":true,"href":"https:\/\/ordesasobrarbe.com\/en\/wp-json\/wp\/v2\/tags?post=922"}],"curies":[{"name":"wp","href":"https:\/\/api.w.org\/{rel}","templated":true}]}}