{"id":19449,"date":"2019-02-07T08:17:51","date_gmt":"2019-02-07T07:17:51","guid":{"rendered":"https:\/\/ordesasobrarbe.com\/?page_id=19449"},"modified":"2019-06-10T11:02:06","modified_gmt":"2019-06-10T10:02:06","slug":"points-info-tourisme","status":"publish","type":"page","link":"https:\/\/ordesasobrarbe.com\/fr\/points-info-tourisme\/","title":{"rendered":"Points info tourisme"},"content":{"rendered":"<p>[et_pb_section bb_built=\u00a0\u00bb1&Prime; inner_width=\u00a0\u00bbauto\u00a0\u00bb inner_max_width=\u00a0\u00bbnone\u00a0\u00bb][et_pb_row][et_pb_column type=\u00a0\u00bb4_4&Prime;][et_pb_text _builder_version=\u00a0\u00bb3.23.3&Prime; text_text_shadow_horizontal_length=\u00a0\u00bbtext_text_shadow_style,%91object Object%93&Prime; text_text_shadow_horizontal_length_tablet=\u00a0\u00bb0px\u00a0\u00bb text_text_shadow_vertical_length=\u00a0\u00bbtext_text_shadow_style,%91object Object%93&Prime; text_text_shadow_vertical_length_tablet=\u00a0\u00bb0px\u00a0\u00bb text_text_shadow_blur_strength=\u00a0\u00bbtext_text_shadow_style,%91object Object%93&Prime; text_text_shadow_blur_strength_tablet=\u00a0\u00bb1px\u00a0\u00bb link_text_shadow_horizontal_length=\u00a0\u00bblink_text_shadow_style,%91object Object%93&Prime; link_text_shadow_horizontal_length_tablet=\u00a0\u00bb0px\u00a0\u00bb link_text_shadow_vertical_length=\u00a0\u00bblink_text_shadow_style,%91object Object%93&Prime; link_text_shadow_vertical_length_tablet=\u00a0\u00bb0px\u00a0\u00bb link_text_shadow_blur_strength=\u00a0\u00bblink_text_shadow_style,%91object Object%93&Prime; link_text_shadow_blur_strength_tablet=\u00a0\u00bb1px\u00a0\u00bb ul_text_shadow_horizontal_length=\u00a0\u00bbul_text_shadow_style,%91object Object%93&Prime; ul_text_shadow_horizontal_length_tablet=\u00a0\u00bb0px\u00a0\u00bb ul_text_shadow_vertical_length=\u00a0\u00bbul_text_shadow_style,%91object Object%93&Prime; ul_text_shadow_vertical_length_tablet=\u00a0\u00bb0px\u00a0\u00bb ul_text_shadow_blur_strength=\u00a0\u00bbul_text_shadow_style,%91object Object%93&Prime; ul_text_shadow_blur_strength_tablet=\u00a0\u00bb1px\u00a0\u00bb ol_text_shadow_horizontal_length=\u00a0\u00bbol_text_shadow_style,%91object Object%93&Prime; ol_text_shadow_horizontal_length_tablet=\u00a0\u00bb0px\u00a0\u00bb ol_text_shadow_vertical_length=\u00a0\u00bbol_text_shadow_style,%91object Object%93&Prime; ol_text_shadow_vertical_length_tablet=\u00a0\u00bb0px\u00a0\u00bb ol_text_shadow_blur_strength=\u00a0\u00bbol_text_shadow_style,%91object Object%93&Prime; ol_text_shadow_blur_strength_tablet=\u00a0\u00bb1px\u00a0\u00bb quote_text_shadow_horizontal_length=\u00a0\u00bbquote_text_shadow_style,%91object Object%93&Prime; quote_text_shadow_horizontal_length_tablet=\u00a0\u00bb0px\u00a0\u00bb quote_text_shadow_vertical_length=\u00a0\u00bbquote_text_shadow_style,%91object Object%93&Prime; quote_text_shadow_vertical_length_tablet=\u00a0\u00bb0px\u00a0\u00bb quote_text_shadow_blur_strength=\u00a0\u00bbquote_text_shadow_style,%91object Object%93&Prime; quote_text_shadow_blur_strength_tablet=\u00a0\u00bb1px\u00a0\u00bb header_text_shadow_horizontal_length=\u00a0\u00bbheader_text_shadow_style,%91object Object%93&Prime; header_text_shadow_horizontal_length_tablet=\u00a0\u00bb0px\u00a0\u00bb header_text_shadow_vertical_length=\u00a0\u00bbheader_text_shadow_style,%91object Object%93&Prime; header_text_shadow_vertical_length_tablet=\u00a0\u00bb0px\u00a0\u00bb header_text_shadow_blur_strength=\u00a0\u00bbheader_text_shadow_style,%91object Object%93&Prime; header_text_shadow_blur_strength_tablet=\u00a0\u00bb1px\u00a0\u00bb header_2_text_shadow_horizontal_length=\u00a0\u00bbheader_2_text_shadow_style,%91object Object%93&Prime; header_2_text_shadow_horizontal_length_tablet=\u00a0\u00bb0px\u00a0\u00bb header_2_text_shadow_vertical_length=\u00a0\u00bbheader_2_text_shadow_style,%91object Object%93&Prime; header_2_text_shadow_vertical_length_tablet=\u00a0\u00bb0px\u00a0\u00bb header_2_text_shadow_blur_strength=\u00a0\u00bbheader_2_text_shadow_style,%91object Object%93&Prime; header_2_text_shadow_blur_strength_tablet=\u00a0\u00bb1px\u00a0\u00bb header_3_text_shadow_horizontal_length=\u00a0\u00bbheader_3_text_shadow_style,%91object Object%93&Prime; header_3_text_shadow_horizontal_length_tablet=\u00a0\u00bb0px\u00a0\u00bb header_3_text_shadow_vertical_length=\u00a0\u00bbheader_3_text_shadow_style,%91object Object%93&Prime; header_3_text_shadow_vertical_length_tablet=\u00a0\u00bb0px\u00a0\u00bb header_3_text_shadow_blur_strength=\u00a0\u00bbheader_3_text_shadow_style,%91object Object%93&Prime; header_3_text_shadow_blur_strength_tablet=\u00a0\u00bb1px\u00a0\u00bb header_4_text_shadow_horizontal_length=\u00a0\u00bbheader_4_text_shadow_style,%91object Object%93&Prime; header_4_text_shadow_horizontal_length_tablet=\u00a0\u00bb0px\u00a0\u00bb header_4_text_shadow_vertical_length=\u00a0\u00bbheader_4_text_shadow_style,%91object Object%93&Prime; header_4_text_shadow_vertical_length_tablet=\u00a0\u00bb0px\u00a0\u00bb header_4_text_shadow_blur_strength=\u00a0\u00bbheader_4_text_shadow_style,%91object Object%93&Prime; header_4_text_shadow_blur_strength_tablet=\u00a0\u00bb1px\u00a0\u00bb header_5_text_shadow_horizontal_length=\u00a0\u00bbheader_5_text_shadow_style,%91object Object%93&Prime; header_5_text_shadow_horizontal_length_tablet=\u00a0\u00bb0px\u00a0\u00bb header_5_text_shadow_vertical_length=\u00a0\u00bbheader_5_text_shadow_style,%91object Object%93&Prime; header_5_text_shadow_vertical_length_tablet=\u00a0\u00bb0px\u00a0\u00bb header_5_text_shadow_blur_strength=\u00a0\u00bbheader_5_text_shadow_style,%91object Object%93&Prime; header_5_text_shadow_blur_strength_tablet=\u00a0\u00bb1px\u00a0\u00bb header_6_text_shadow_horizontal_length=\u00a0\u00bbheader_6_text_shadow_style,%91object Object%93&Prime; header_6_text_shadow_horizontal_length_tablet=\u00a0\u00bb0px\u00a0\u00bb header_6_text_shadow_vertical_length=\u00a0\u00bbheader_6_text_shadow_style,%91object Object%93&Prime; header_6_text_shadow_vertical_length_tablet=\u00a0\u00bb0px\u00a0\u00bb header_6_text_shadow_blur_strength=\u00a0\u00bbheader_6_text_shadow_style,%91object Object%93&Prime; header_6_text_shadow_blur_strength_tablet=\u00a0\u00bb1px\u00a0\u00bb box_shadow_horizontal_tablet=\u00a0\u00bb0px\u00a0\u00bb box_shadow_vertical_tablet=\u00a0\u00bb0px\u00a0\u00bb box_shadow_blur_tablet=\u00a0\u00bb40px\u00a0\u00bb box_shadow_spread_tablet=\u00a0\u00bb0px\u00a0\u00bb z_index_tablet=\u00a0\u00bb500&Prime;]<\/p>\n<h1>Horaires des offices du tourisme de la r\u00e9gion du Sobrarbe<\/h1>\n<p>\u00a0<\/p>\n<h4>A\u00cdNSA<\/h4>\n<p><strong>Deux offices du tourisme:<\/strong><\/p>\n<ul>\n<li><strong>OT dela r\u00e9gion du Sobrarbe dans le vieux village (chateau d&rsquo;Ainsa)<\/strong><\/li>\n<li><strong>OT municipal dans le nouveau village (en bas)<\/strong><\/li>\n<\/ul>\n<p>\u00a0<\/p>\n<h3>Officine du tourisme de la r\u00e9gion du Sobrarbe (Ainsa)<\/h3>\n<p>Place du chateau, Tour Nord Est.<br \/>+ 34 974 500 512<br \/>info@turismosobrarbe.com<br \/>Ouvert tous les jours:<br \/>Du lundi au jeudi : de 9.30 h \u00e0 13h30 h et de 16h30 \u00e0 20h00.<br \/>du jeudi au dimanche : de 9.30 h \u00e0 14 h et de 16.00h \u00e0 20h00<\/p>\n<p>\u00a0<\/p>\n<h3>Office du tourisme municipal (Ainsa)<\/h3>\n<p>Ouvert \u00e0 l&rsquo;ann\u00e9e<br \/>Avenida Pirenaica 1 <br \/>974 500 767<br \/>turismo@ainsa-sobrarbe.es<br \/>Du lundi au dimanche :de 10,00 h \u00e0 14,00 h et de 16,00 h \u00e0 19,30 h.<\/p>\n<p>\u00a0<\/p>\n<h4>ABIZANDA<\/h4>\n<p>Office du tourisme municipal<br \/>Ouvert en saison (juillet-ao\u00fbt)<br \/>Calle Castillo s\/n<br \/>974 300 372 \/ 974 300 326 \/ 974 500 800<br \/>oficinaturismoabizanda@hotmail.com<br \/>Ouvert tous les jours sauf le lundi. <br \/>de 11 h. \u00e0 14 h et de 17 h.\u00e0 21 h.<\/p>\n<p>\u00a0<\/p>\n<h4>BIELSA<\/h4>\n<p>Officine du tourisme municipal<br \/>ouvert en saison (juillet-ao\u00fbt, p\u00e2ques, ponts nationaux espagnols).<br \/>Situ\u00e9e en bas du b\u00e2timent de la mairie, sur la place.\u00a0 <br \/>974 501 127<br \/>turismo@bielsa.com<br \/>ouvert du mardi au dimanche de 10h \u00e0 13.30 h et de 16h \u00e0 20 h.<br \/>ferm\u00e9 le lundi<\/p>\n<p>\u00a0<\/p>\n<h4>BOLTA\u00d1A<\/h4>\n<p>Office du tourisme municipal.<br \/>Ouvert \u00e0 l&rsquo;ann\u00e9e<br \/>Avenida Ordesa 47<br \/>974 502 043.<br \/>info@turismoboltana.es<br \/>Du mardi au dimanche: de 10.00 h a 14.00 h <br \/>du mardi au samedi: de 18.00h \u00e0 21.00h<br \/>le dimanche:de 10.00h \u00e0 14.00h.<br \/>le jeudi apr\u00e8s-midi, le dimanche apr\u00e8s-midi et le lundi toute la journ\u00e9e l&rsquo;office est ferm\u00e9.<\/p>\n<p>\u00a0<\/p>\n<h4>BROTO<\/h4>\n<p>Office du tourisme municipal <br \/>Ouvert en saison<br \/>974 486 413.<br \/>turismobroto@gmail.com<br \/>Lundi, mardi, mercredi et jeudi\u00a0 de 10h00 \u00e0 13h30 et de 16h00 a 20h30<br \/>Vendredi, samedi et dimanche de 9h30 \u00e0 13h30 et de 16h00 \u00e0 20h30<\/p>\n<p>\u00a0<\/p>\n<h4>FISCAL<\/h4>\n<p>Office du tourisme municipal <br \/>Ouvert en \u00e9t\u00e9 (juillet-ao\u00fbt)<br \/>Horaires: de 10h00 \u00e0 13.00 h et de 18:00 \u00e0 20:00 h.<br \/>Lundi ferm\u00e9.<\/p>\n<p>\u00a0<\/p>\n<h4>LECINA (Biello Sobarbe)<\/h4>\n<p>Office du tourisme municipal <br \/>du 14 juillet au 31 ao\u00fbt.<br \/>Tous les jours de 10h00 \u00e0 14h00 et de 16h00 \u00e0 20h00.<\/p>\n<p>\u00a0<\/p>\n<h4>PLAN<\/h4>\n<p>Office du tourisme municipal <br \/>Ouvert en saison (juillet-ao\u00fbt, p\u00e2ques, ponts nationaux espagnols)<br \/>+34 974 506 400<br \/>infoturismoplan@gmail.com<br \/>ouvert jusqu&rsquo;au 15 octobre, tous les jours sauf le dimanche et lundi apr\u00e8s-midi. <br \/>Horaire: de 10 \u00e0 13.30 h et de 16:30 \u00e0 19:30 h.<\/p>\n<p>\u00a0<\/p>\n<h4>SALINAS DE SIN<\/h4>\n<p>Tous les jours sauf le jeudi, de 10 a 14 h y de 15h30 a 18h00<br \/>974 504 089<\/p>\n<p>\u00a0<\/p>\n<h4>TORLA<\/h4>\n<p>Office du tourisme municipal <br \/>C\/ Fat\u00e1s, s\/n. 22376 Torla.<br \/>ouvert en \u00e9t\u00e9<br \/>974 486 378<br \/>informacion@torla.es<br \/>Du jeudi au mardi de 9h30 \u00e0 13h30 et de 17h30 \u00e0 21h00<br \/>ferm\u00e9 le mercredi.<\/p>\n<p>[\/et_pb_text][\/et_pb_column][\/et_pb_row][\/et_pb_section]<\/p>\n","protected":false},"excerpt":{"rendered":"<p>[et_pb_section bb_built=\u00a0\u00bb1&Prime; inner_width=\u00a0\u00bbauto\u00a0\u00bb inner_max_width=\u00a0\u00bbnone\u00a0\u00bb][et_pb_row][et_pb_column type=\u00a0\u00bb4_4&Prime;][et_pb_text _builder_version=\u00a0\u00bb3.23.3&Prime; text_text_shadow_horizontal_length=\u00a0\u00bbtext_text_shadow_style,%91object Object%93&Prime; text_text_shadow_horizontal_length_tablet=\u00a0\u00bb0px\u00a0\u00bb text_text_shadow_vertical_length=\u00a0\u00bbtext_text_shadow_style,%91object Object%93&Prime; text_text_shadow_vertical_length_tablet=\u00a0\u00bb0px\u00a0\u00bb text_text_shadow_blur_strength=\u00a0\u00bbtext_text_shadow_style,%91object Object%93&Prime; text_text_shadow_blur_strength_tablet=\u00a0\u00bb1px\u00a0\u00bb link_text_shadow_horizontal_length=\u00a0\u00bblink_text_shadow_style,%91object Object%93&Prime; link_text_shadow_horizontal_length_tablet=\u00a0\u00bb0px\u00a0\u00bb link_text_shadow_vertical_length=\u00a0\u00bblink_text_shadow_style,%91object Object%93&Prime; link_text_shadow_vertical_length_tablet=\u00a0\u00bb0px\u00a0\u00bb link_text_shadow_blur_strength=\u00a0\u00bblink_text_shadow_style,%91object Object%93&Prime; link_text_shadow_blur_strength_tablet=\u00a0\u00bb1px\u00a0\u00bb ul_text_shadow_horizontal_length=\u00a0\u00bbul_text_shadow_style,%91object Object%93&Prime; ul_text_shadow_horizontal_length_tablet=\u00a0\u00bb0px\u00a0\u00bb ul_text_shadow_vertical_length=\u00a0\u00bbul_text_shadow_style,%91object Object%93&Prime; ul_text_shadow_vertical_length_tablet=\u00a0\u00bb0px\u00a0\u00bb ul_text_shadow_blur_strength=\u00a0\u00bbul_text_shadow_style,%91object Object%93&Prime; ul_text_shadow_blur_strength_tablet=\u00a0\u00bb1px\u00a0\u00bb ol_text_shadow_horizontal_length=\u00a0\u00bbol_text_shadow_style,%91object Object%93&Prime; ol_text_shadow_horizontal_length_tablet=\u00a0\u00bb0px\u00a0\u00bb ol_text_shadow_vertical_length=\u00a0\u00bbol_text_shadow_style,%91object Object%93&Prime; ol_text_shadow_vertical_length_tablet=\u00a0\u00bb0px\u00a0\u00bb ol_text_shadow_blur_strength=\u00a0\u00bbol_text_shadow_style,%91object Object%93&Prime; ol_text_shadow_blur_strength_tablet=\u00a0\u00bb1px\u00a0\u00bb quote_text_shadow_horizontal_length=\u00a0\u00bbquote_text_shadow_style,%91object Object%93&Prime; quote_text_shadow_horizontal_length_tablet=\u00a0\u00bb0px\u00a0\u00bb quote_text_shadow_vertical_length=\u00a0\u00bbquote_text_shadow_style,%91object Object%93&Prime; quote_text_shadow_vertical_length_tablet=\u00a0\u00bb0px\u00a0\u00bb quote_text_shadow_blur_strength=\u00a0\u00bbquote_text_shadow_style,%91object Object%93&Prime; quote_text_shadow_blur_strength_tablet=\u00a0\u00bb1px\u00a0\u00bb header_text_shadow_horizontal_length=\u00a0\u00bbheader_text_shadow_style,%91object Object%93&Prime; header_text_shadow_horizontal_length_tablet=\u00a0\u00bb0px\u00a0\u00bb header_text_shadow_vertical_length=\u00a0\u00bbheader_text_shadow_style,%91object [&hellip;]<\/p>\n","protected":false},"author":1,"featured_media":30704,"parent":0,"menu_order":0,"comment_status":"closed","ping_status":"closed","template":"","meta":{"_et_pb_use_builder":"off","_et_pb_old_content":"<p>Horarios de las Oficinas de turismo de la Comarca de Sobrarbe<\/p><p>A\u00cdNSA (Valle del Cinca Alto)<br \/>Oficina Comarcal de Turismo.<br \/>Abierta todo el a\u00f1o.<br \/>Plaza del Castillo, Torre Nordeste.<br \/>974 500 512.<br \/>info@turismosobrarbe.com<br \/>Abierta todos los d\u00edas con el siguiente horario:<br \/>De lunes a jueves : de 9.30 h a 13h30 h y de 16h30 a 20h00.<br \/>Jueves a domingo : de 9.30 h a 14 h y de 16.00 h a 20h00<br \/>.<br \/>ABIZANDA (Valle del Cinca Bajo)<br \/>Oficina Municipal de Turismo.<br \/>Abierta en temporada<br \/>Calle Castillo s\/n<br \/>974 300 372 \/ 974 300 326 \/ 974 500 800<br \/>oficinaturismoabizanda@hotmail.com<br \/>Del 11 de julio al 11 de septiembre:<br \/>abierto todos los d\u00edas excepto el lunes cerrado pordescanso<br \/>semanal. Ma\u00f1anas de 11 h. a 14 h. y tardes de 17 h.a 21 h.<\/p><p>A\u00cdNSA(Valle del Cinca Alto)<br \/>Oficina Municipal de Turismo.<br \/>Abierta todo el a\u00f1o<br \/>Avenida Pirenaica 1 (cruce de carreteras, parte nueva de A\u00ednsa).<br \/>974 500 767<br \/>turismo@ainsa-sobrarbe.es<br \/>De lunes a domingo :10,00 h a 14,00 h 16,00 h a 19,30 h.<\/p><p>BIELSA (Valle del Cinca Alto)<br \/>Oficina Municipal de Turismo.<br \/>Abierta en temporada.<br \/>Situada en el edificio del Ayuntamiento, Plaza Mayor.<br \/>974 501 127<br \/>turismo@bielsa.com<br \/>Abierta de martes a domingo de 10 a 13.30 h y de 16 a 20 h.<br \/>Lunes cerrado<\/p><p>BOLTA\u00d1A (Valle del Ara)<br \/>Oficina Municipal de Turismo.<br \/>Abierta todo el a\u00f1o<br \/>Avenida Ordesa 47, a la entrada del pueblo, a mano derecha.<br \/>974 502 043.<br \/>info@turismoboltana.es<br \/>De martes a domingo: 10.00 h a 14.00 h<br \/>Por las tardes de martes a s\u00e1bado: 18.00h a 21.00h<br \/>Domingo:10.00h a 14.00h.<br \/>El jueves por la tarde, el domingo por la tarde y el lunes todo el d\u00eda la oficina permanece cerrada<\/p><p>BROTO (Valle del Ara)<br \/>Oficina Municipal de Turismo.<br \/>Oficina Municipal de Turismo<br \/>Abierta en temporada<br \/>974 486 413.<br \/>turismobroto@gmail.com<br \/>Lunes, martes, mi\u00e9rcoles y jueves de 10h00 a 13h30 y de 16h00 a 20h30<br \/>Viernes, s\u00e1bado y domingo de 9h30 a 13h30 y de 16h00 a 20h30<\/p><p>FISCAL (Valle del Ara)<br \/>Oficina Municipal de Turismo<br \/>Abierta en temporada<br \/>Horario: de 10 a 13.00 h y por las tardes de 18:00 a 20:00 h.<br \/>Lunes cerrada por descanso semanal.<\/p><p>LECINA (Biello Sobarbe)<br \/>Oficina Municipal de Turismo<br \/>Desde el d\u00eda 14 de julio a 31 de agosto.<br \/>Todos los d\u00edas de 10h00 a 14h00 y de 16h00 a 20h00.<\/p><p>PLAN (Valle de Chistau)<br \/>Oficina Municipal de Turismo<br \/>Abierta en temporada<br \/>974 506 400<br \/>infoturismoplan@gmail.com<br \/>Abierta hasta el 15 de octubre, todos los d\u00edas excepto las tardes del domingo y lunes.<br \/>Horario: de 10 a 13.30 h y por las tardes de 16:30 a 19:30 h.<\/p><p>SALINAS DE SIN<br \/>Todos los d\u00edas salvo los jueves, de 10 a 14 h y de 15h30 a 18h00<br \/>974 504 089<\/p><p>TORLA<br \/>Oficina Municipal de Turismo<br \/>C\/ Fat\u00e1s, s\/n. 22376 Torla.<br \/>Abierta en temporada<br \/>974 486 378<br \/>informacion@torla.es<br \/>De jueves a martes de 9h30 a 13h30 y de 17h30 a 21h00<br \/>Mi\u00e9rcoles cerrado.<\/p>","_et_gb_content_width":"","footnotes":""},"tags":[],"class_list":["post-19449","page","type-page","status-publish","has-post-thumbnail","hentry"],"publishpress_future_workflow_manual_trigger":{"enabledWorkflows":[]},"_links":{"self":[{"href":"https:\/\/ordesasobrarbe.com\/fr\/wp-json\/wp\/v2\/pages\/19449","targetHints":{"allow":["GET"]}}],"collection":[{"href":"https:\/\/ordesasobrarbe.com\/fr\/wp-json\/wp\/v2\/pages"}],"about":[{"href":"https:\/\/ordesasobrarbe.com\/fr\/wp-json\/wp\/v2\/types\/page"}],"author":[{"embeddable":true,"href":"https:\/\/ordesasobrarbe.com\/fr\/wp-json\/wp\/v2\/users\/1"}],"replies":[{"embeddable":true,"href":"https:\/\/ordesasobrarbe.com\/fr\/wp-json\/wp\/v2\/comments?post=19449"}],"version-history":[{"count":0,"href":"https:\/\/ordesasobrarbe.com\/fr\/wp-json\/wp\/v2\/pages\/19449\/revisions"}],"wp:featuredmedia":[{"embeddable":true,"href":"https:\/\/ordesasobrarbe.com\/fr\/wp-json\/wp\/v2\/media\/30704"}],"wp:attachment":[{"href":"https:\/\/ordesasobrarbe.com\/fr\/wp-json\/wp\/v2\/media?parent=19449"}],"wp:term":[{"taxonomy":"post_tag","embeddable":true,"href":"https:\/\/ordesasobrarbe.com\/fr\/wp-json\/wp\/v2\/tags?post=19449"}],"curies":[{"name":"wp","href":"https:\/\/api.w.org\/{rel}","templated":true}]}}