{"id":22553,"date":"2022-03-07T16:38:55","date_gmt":"2022-03-07T15:38:55","guid":{"rendered":"https:\/\/ordesasobrarbe.com\/que-hacemos\/"},"modified":"2022-03-07T19:16:19","modified_gmt":"2022-03-07T18:16:19","slug":"que-faisons-nous","status":"publish","type":"page","link":"https:\/\/ordesasobrarbe.com\/fr\/que-faisons-nous\/","title":{"rendered":"Que faisons-nous ?"},"content":{"rendered":"<h2>D\u00e9fense des int\u00e9r\u00eats des entrepreneurs<\/h2>\n<p>C&rsquo;est notre t\u00e2che primordiale. Nous avons besoin d&rsquo;une voix unique et sp\u00e9cifique pour d\u00e9fendre nos int\u00e9r\u00eats d&rsquo;entrepreneurs. Tant \u00e0 niveau r\u00e9gional qu&rsquo;\u00e0 niveau plus sp\u00e9cifique d&rsquo;un segment du march\u00e9 de la r\u00e9gion.<\/p>\n<p>&nbsp;<\/p>\n<h2>Actions promotionnelles<\/h2>\n<p>Quant \u00e0 la promotion, environ 15.000 exemplaires du guide des entreprises et des services -en espagnol et en d&rsquo;autres langues- sont publi\u00e9s par an. On peut y retrouver non seulement des renseignements touristiques utiles mais aussi une liste compl\u00e8te de tous nos affili\u00e9s. Il est possible de r\u00e9server un encadr\u00e9 dans le guide pour promouvoir les entreprises qui souhaitent y figurer avec leur photo.<\/p>\n<p>Le guide est pr\u00e9sent dans les foires nationales et internationales et sert d&rsquo;outil lors des op\u00e9rations promotionnelles telles que les s\u00e9minaires de travail. Il s&rsquo;agit d&rsquo;une brochure qui est largement diffus\u00e9e. Elle est remise \u00e0 tous nos affili\u00e9s, aux particuliers qui demandent des renseignements sur notre r\u00e9gion et naturellement aussi aux Offices de Tourisme de la r\u00e9gion et m\u00eame dans la province.<\/p>\n<p>Nous avons \u00e9galement d&rsquo;autres outils de promotion comme la publication de cartes de la r\u00e9gion, des cartes VTT, etc.<\/p>\n<p>Un autre outil dont nous disposons est la site web www.pirineoturismo.com qui peut \u00eatre consult\u00e9 par nos affili\u00e9s et o\u00f9 ils peuvent obtenir des renseignements de premi\u00e8re main, effectuer certaines d\u00e9marches administratives avec l&rsquo;Association. Mais ce site web fait surtout office de portail pour mieux faire conna\u00eetre notre r\u00e9gion et nos services. En plus, \u00e0 un niveau sup\u00e9rieur, nous g\u00e9rons notre part sur le site officiel des Pyr\u00e9n\u00e9es Aragonaises.<br \/>\nwww.venalpirineo.com<\/p>\n<p>&nbsp;<\/p>\n<h2>Centre de formation<\/h2>\n<p>L&rsquo;association se soucie de la formation. Pour cela, tout au long de l&rsquo;ann\u00e9e, nous organisons des cours et des colloques informatifs qui peuvent int\u00e9resser les diff\u00e9rents secteurs qui composent l&rsquo;Association. Ainsi nous avons organis\u00e9s des cours de langues, de grue tour, de manipulateur d&rsquo;aliments, d&rsquo;\u0153nologie, de service \u00e0 la client\u00e8le, de comp\u00e9tence de gestion et de ressources humaines, etc. Nous avons \u00e9galement organis\u00e9 des colloques sur des sujets int\u00e9ressants comme l&#8217;embauche d&rsquo;immigrants, la pr\u00e9vention des risques de travail. Bref, des sujets qui semblent toujours int\u00e9resser nos affili\u00e9s.<\/p>\n<p>Nous voulons d&rsquo;ailleurs profiter de cette occasion pour faire savoir que toutes les suggestions \u00e9mises par les membres de notre association sont la bienvenue.<\/p>\n<p>&nbsp;<\/p>\n<h2>Conventions sign\u00e9es par l&rsquo;Association<\/h2>\n<p>L&rsquo;Association des entrepreneurs touristique de Sobrarbe a sign\u00e9 des conventions qu&rsquo;elle estime rentable pour les entreprises associ\u00e9es. Nous faisons \u00e9galement partie des organisations suivantes et pouvons d\u00e8s lors b\u00e9n\u00e9ficier de tous les services et aides qu&rsquo;elles offrent \u00e0 nos chefs d&rsquo;entreprise.<\/p>\n<p>&#8211; CEOS &#8211; CEPYME<br \/>\n&#8211; FECOS<br \/>\n&#8211; FATPA<\/p>\n<p><a href=\"http:\/\/www.pirineoturismo.com\/descargas\/servicios2013-so.pdf\" target=\"_blank\" rel=\"noopener\"><img decoding=\"async\" src=\"http:\/\/pirineoturismo.com\/img\/gif\/pdf.gif\" alt=\"\" \/><\/a><\/p>\n","protected":false},"excerpt":{"rendered":"<p>D\u00e9fense des int\u00e9r\u00eats des entrepreneurs C&rsquo;est notre t\u00e2che primordiale. Nous avons besoin d&rsquo;une voix unique et sp\u00e9cifique pour d\u00e9fendre nos int\u00e9r\u00eats d&rsquo;entrepreneurs. Tant \u00e0 niveau r\u00e9gional qu&rsquo;\u00e0 niveau plus sp\u00e9cifique d&rsquo;un segment du march\u00e9 de la r\u00e9gion. &nbsp; Actions promotionnelles Quant \u00e0 la promotion, environ 15.000 exemplaires du guide des entreprises et des services -en [&hellip;]<\/p>\n","protected":false},"author":1,"featured_media":30704,"parent":0,"menu_order":0,"comment_status":"closed","ping_status":"closed","template":"","meta":{"_et_pb_use_builder":"","_et_pb_old_content":"","_et_gb_content_width":"","footnotes":""},"tags":[277],"class_list":["post-22553","page","type-page","status-publish","has-post-thumbnail","hentry","tag-patrimonio"],"publishpress_future_workflow_manual_trigger":{"enabledWorkflows":[]},"_links":{"self":[{"href":"https:\/\/ordesasobrarbe.com\/fr\/wp-json\/wp\/v2\/pages\/22553","targetHints":{"allow":["GET"]}}],"collection":[{"href":"https:\/\/ordesasobrarbe.com\/fr\/wp-json\/wp\/v2\/pages"}],"about":[{"href":"https:\/\/ordesasobrarbe.com\/fr\/wp-json\/wp\/v2\/types\/page"}],"author":[{"embeddable":true,"href":"https:\/\/ordesasobrarbe.com\/fr\/wp-json\/wp\/v2\/users\/1"}],"replies":[{"embeddable":true,"href":"https:\/\/ordesasobrarbe.com\/fr\/wp-json\/wp\/v2\/comments?post=22553"}],"version-history":[{"count":0,"href":"https:\/\/ordesasobrarbe.com\/fr\/wp-json\/wp\/v2\/pages\/22553\/revisions"}],"wp:featuredmedia":[{"embeddable":true,"href":"https:\/\/ordesasobrarbe.com\/fr\/wp-json\/wp\/v2\/media\/30704"}],"wp:attachment":[{"href":"https:\/\/ordesasobrarbe.com\/fr\/wp-json\/wp\/v2\/media?parent=22553"}],"wp:term":[{"taxonomy":"post_tag","embeddable":true,"href":"https:\/\/ordesasobrarbe.com\/fr\/wp-json\/wp\/v2\/tags?post=22553"}],"curies":[{"name":"wp","href":"https:\/\/api.w.org\/{rel}","templated":true}]}}