{"id":888,"date":"2018-10-29T15:28:00","date_gmt":"2018-10-29T14:28:00","guid":{"rendered":"https:\/\/ordesasobrarbe.com\/situacion-de-la-comarca-de-sobrarbe\/"},"modified":"2019-06-14T13:42:40","modified_gmt":"2019-06-14T12:42:40","slug":"situation-de-la-region-du-sobrarbe","status":"publish","type":"page","link":"https:\/\/ordesasobrarbe.com\/fr\/situation-de-la-region-du-sobrarbe\/","title":{"rendered":"Situation de la R\u00e9gion du Sobrarbe"},"content":{"rendered":"<p>[et_pb_section bb_built=\u00a0\u00bb1&Prime; fullwidth=\u00a0\u00bbon\u00a0\u00bb specialty=\u00a0\u00bboff\u00a0\u00bb next_background_color=\u00a0\u00bb#000000&Prime; inner_width=\u00a0\u00bbauto\u00a0\u00bb inner_max_width=\u00a0\u00bb1080px\u00a0\u00bb][et_pb_fullwidth_slider _builder_version=\u00a0\u00bb3.19.17&Prime;][et_pb_slide _builder_version=\u00a0\u00bb3.19.17&Prime; heading=\u00a0\u00bbSituation\u00a0\u00bb button_link=\u00a0\u00bb#\u00a0\u00bb button_link_2=\u00a0\u00bb#\u00a0\u00bb url_new_window=\u00a0\u00bboff\u00a0\u00bb link_option_url_new_window=\u00a0\u00bboff\u00a0\u00bb background_color=\u00a0\u00bb#000000&Prime; use_background_color_gradient=\u00a0\u00bboff\u00a0\u00bb background_color_gradient_start=\u00a0\u00bb#2b87da\u00a0\u00bb background_color_gradient_end=\u00a0\u00bb#29c4a9&Prime; background_color_gradient_type=\u00a0\u00bblinear\u00a0\u00bb background_color_gradient_direction=\u00a0\u00bb180deg\u00a0\u00bb background_color_gradient_direction_radial=\u00a0\u00bbcenter\u00a0\u00bb background_color_gradient_start_position=\u00a0\u00bb0%\u00a0\u00bb background_color_gradient_end_position=\u00a0\u00bb100%\u00a0\u00bb background_color_gradient_overlays_image=\u00a0\u00bboff\u00a0\u00bb background_image=\u00a0\u00bbhttps:\/\/ordesasobrarbe.com\/wp-content\/uploads\/2018\/10\/pena.jpg\u00a0\u00bb parallax=\u00a0\u00bboff\u00a0\u00bb parallax_method=\u00a0\u00bbon\u00a0\u00bb background_size=\u00a0\u00bbcover\u00a0\u00bb background_position=\u00a0\u00bbcenter\u00a0\u00bb background_repeat=\u00a0\u00bbno-repeat\u00a0\u00bb background_blend=\u00a0\u00bbnormal\u00a0\u00bb allow_player_pause=\u00a0\u00bboff\u00a0\u00bb background_video_pause_outside_viewport=\u00a0\u00bbon\u00a0\u00bb use_bg_overlay=\u00a0\u00bboff\u00a0\u00bb use_text_overlay=\u00a0\u00bboff\u00a0\u00bb text_border_radius=\u00a0\u00bb3&Prime; alignment=\u00a0\u00bbcenter\u00a0\u00bb child_filter_hue_rotate=\u00a0\u00bb0deg\u00a0\u00bb child_filter_saturate=\u00a0\u00bb100%\u00a0\u00bb child_filter_brightness=\u00a0\u00bb100%\u00a0\u00bb child_filter_contrast=\u00a0\u00bb100%\u00a0\u00bb child_filter_invert=\u00a0\u00bb0%\u00a0\u00bb child_filter_sepia=\u00a0\u00bb0%\u00a0\u00bb child_filter_opacity=\u00a0\u00bb100%\u00a0\u00bb child_filter_blur=\u00a0\u00bb0px\u00a0\u00bb child_mix_blend_mode=\u00a0\u00bbnormal\u00a0\u00bb background_layout=\u00a0\u00bbdark\u00a0\u00bb text_shadow_style=\u00a0\u00bbnone\u00a0\u00bb header_text_shadow_style=\u00a0\u00bbnone\u00a0\u00bb body_text_shadow_style=\u00a0\u00bbnone\u00a0\u00bb custom_button=\u00a0\u00bboff\u00a0\u00bb button_bg_use_color_gradient=\u00a0\u00bboff\u00a0\u00bb button_bg_color_gradient_overlays_image=\u00a0\u00bboff\u00a0\u00bb button_use_icon=\u00a0\u00bbon\u00a0\u00bb button_on_hover=\u00a0\u00bbon\u00a0\u00bb button_text_shadow_style=\u00a0\u00bbnone\u00a0\u00bb box_shadow_style_button=\u00a0\u00bbnone\u00a0\u00bb hover_transition_duration=\u00a0\u00bb300ms\u00a0\u00bb hover_transition_delay=\u00a0\u00bb0ms\u00a0\u00bb hover_transition_speed_curve=\u00a0\u00bbease\u00a0\u00bb \/][\/et_pb_fullwidth_slider][\/et_pb_section][et_pb_section bb_built=\u00a0\u00bb1&Prime; prev_background_color=\u00a0\u00bb#000000&Prime; inner_width=\u00a0\u00bbauto\u00a0\u00bb inner_max_width=\u00a0\u00bb1080px\u00a0\u00bb][et_pb_row][et_pb_column type=\u00a0\u00bb4_4&Prime;][et_pb_text _builder_version=\u00a0\u00bb3.24.1&Prime; z_index_tablet=\u00a0\u00bb500&Prime; text_text_shadow_horizontal_length=\u00a0\u00bbtext_text_shadow_style,%91object Object%93&Prime; text_text_shadow_horizontal_length_tablet=\u00a0\u00bb0px\u00a0\u00bb text_text_shadow_vertical_length=\u00a0\u00bbtext_text_shadow_style,%91object Object%93&Prime; text_text_shadow_vertical_length_tablet=\u00a0\u00bb0px\u00a0\u00bb text_text_shadow_blur_strength=\u00a0\u00bbtext_text_shadow_style,%91object Object%93&Prime; text_text_shadow_blur_strength_tablet=\u00a0\u00bb1px\u00a0\u00bb link_text_shadow_horizontal_length=\u00a0\u00bblink_text_shadow_style,%91object Object%93&Prime; link_text_shadow_horizontal_length_tablet=\u00a0\u00bb0px\u00a0\u00bb link_text_shadow_vertical_length=\u00a0\u00bblink_text_shadow_style,%91object Object%93&Prime; link_text_shadow_vertical_length_tablet=\u00a0\u00bb0px\u00a0\u00bb link_text_shadow_blur_strength=\u00a0\u00bblink_text_shadow_style,%91object Object%93&Prime; link_text_shadow_blur_strength_tablet=\u00a0\u00bb1px\u00a0\u00bb ul_text_shadow_horizontal_length=\u00a0\u00bbul_text_shadow_style,%91object Object%93&Prime; ul_text_shadow_horizontal_length_tablet=\u00a0\u00bb0px\u00a0\u00bb ul_text_shadow_vertical_length=\u00a0\u00bbul_text_shadow_style,%91object Object%93&Prime; ul_text_shadow_vertical_length_tablet=\u00a0\u00bb0px\u00a0\u00bb ul_text_shadow_blur_strength=\u00a0\u00bbul_text_shadow_style,%91object Object%93&Prime; ul_text_shadow_blur_strength_tablet=\u00a0\u00bb1px\u00a0\u00bb ol_text_shadow_horizontal_length=\u00a0\u00bbol_text_shadow_style,%91object Object%93&Prime; ol_text_shadow_horizontal_length_tablet=\u00a0\u00bb0px\u00a0\u00bb ol_text_shadow_vertical_length=\u00a0\u00bbol_text_shadow_style,%91object Object%93&Prime; ol_text_shadow_vertical_length_tablet=\u00a0\u00bb0px\u00a0\u00bb ol_text_shadow_blur_strength=\u00a0\u00bbol_text_shadow_style,%91object Object%93&Prime; ol_text_shadow_blur_strength_tablet=\u00a0\u00bb1px\u00a0\u00bb quote_text_shadow_horizontal_length=\u00a0\u00bbquote_text_shadow_style,%91object Object%93&Prime; quote_text_shadow_horizontal_length_tablet=\u00a0\u00bb0px\u00a0\u00bb quote_text_shadow_vertical_length=\u00a0\u00bbquote_text_shadow_style,%91object Object%93&Prime; quote_text_shadow_vertical_length_tablet=\u00a0\u00bb0px\u00a0\u00bb quote_text_shadow_blur_strength=\u00a0\u00bbquote_text_shadow_style,%91object Object%93&Prime; quote_text_shadow_blur_strength_tablet=\u00a0\u00bb1px\u00a0\u00bb header_text_shadow_horizontal_length=\u00a0\u00bbheader_text_shadow_style,%91object Object%93&Prime; header_text_shadow_horizontal_length_tablet=\u00a0\u00bb0px\u00a0\u00bb header_text_shadow_vertical_length=\u00a0\u00bbheader_text_shadow_style,%91object Object%93&Prime; header_text_shadow_vertical_length_tablet=\u00a0\u00bb0px\u00a0\u00bb header_text_shadow_blur_strength=\u00a0\u00bbheader_text_shadow_style,%91object Object%93&Prime; header_text_shadow_blur_strength_tablet=\u00a0\u00bb1px\u00a0\u00bb header_2_text_shadow_horizontal_length=\u00a0\u00bbheader_2_text_shadow_style,%91object Object%93&Prime; header_2_text_shadow_horizontal_length_tablet=\u00a0\u00bb0px\u00a0\u00bb header_2_text_shadow_vertical_length=\u00a0\u00bbheader_2_text_shadow_style,%91object Object%93&Prime; header_2_text_shadow_vertical_length_tablet=\u00a0\u00bb0px\u00a0\u00bb header_2_text_shadow_blur_strength=\u00a0\u00bbheader_2_text_shadow_style,%91object Object%93&Prime; header_2_text_shadow_blur_strength_tablet=\u00a0\u00bb1px\u00a0\u00bb header_3_text_shadow_horizontal_length=\u00a0\u00bbheader_3_text_shadow_style,%91object Object%93&Prime; header_3_text_shadow_horizontal_length_tablet=\u00a0\u00bb0px\u00a0\u00bb header_3_text_shadow_vertical_length=\u00a0\u00bbheader_3_text_shadow_style,%91object Object%93&Prime; header_3_text_shadow_vertical_length_tablet=\u00a0\u00bb0px\u00a0\u00bb header_3_text_shadow_blur_strength=\u00a0\u00bbheader_3_text_shadow_style,%91object Object%93&Prime; header_3_text_shadow_blur_strength_tablet=\u00a0\u00bb1px\u00a0\u00bb header_4_text_shadow_horizontal_length=\u00a0\u00bbheader_4_text_shadow_style,%91object Object%93&Prime; header_4_text_shadow_horizontal_length_tablet=\u00a0\u00bb0px\u00a0\u00bb header_4_text_shadow_vertical_length=\u00a0\u00bbheader_4_text_shadow_style,%91object Object%93&Prime; header_4_text_shadow_vertical_length_tablet=\u00a0\u00bb0px\u00a0\u00bb header_4_text_shadow_blur_strength=\u00a0\u00bbheader_4_text_shadow_style,%91object Object%93&Prime; header_4_text_shadow_blur_strength_tablet=\u00a0\u00bb1px\u00a0\u00bb header_5_text_shadow_horizontal_length=\u00a0\u00bbheader_5_text_shadow_style,%91object Object%93&Prime; header_5_text_shadow_horizontal_length_tablet=\u00a0\u00bb0px\u00a0\u00bb header_5_text_shadow_vertical_length=\u00a0\u00bbheader_5_text_shadow_style,%91object Object%93&Prime; header_5_text_shadow_vertical_length_tablet=\u00a0\u00bb0px\u00a0\u00bb header_5_text_shadow_blur_strength=\u00a0\u00bbheader_5_text_shadow_style,%91object Object%93&Prime; header_5_text_shadow_blur_strength_tablet=\u00a0\u00bb1px\u00a0\u00bb header_6_text_shadow_horizontal_length=\u00a0\u00bbheader_6_text_shadow_style,%91object Object%93&Prime; header_6_text_shadow_horizontal_length_tablet=\u00a0\u00bb0px\u00a0\u00bb header_6_text_shadow_vertical_length=\u00a0\u00bbheader_6_text_shadow_style,%91object Object%93&Prime; header_6_text_shadow_vertical_length_tablet=\u00a0\u00bb0px\u00a0\u00bb header_6_text_shadow_blur_strength=\u00a0\u00bbheader_6_text_shadow_style,%91object Object%93&Prime; header_6_text_shadow_blur_strength_tablet=\u00a0\u00bb1px\u00a0\u00bb box_shadow_horizontal_tablet=\u00a0\u00bb0px\u00a0\u00bb box_shadow_vertical_tablet=\u00a0\u00bb0px\u00a0\u00bb box_shadow_blur_tablet=\u00a0\u00bb40px\u00a0\u00bb box_shadow_spread_tablet=\u00a0\u00bb0px\u00a0\u00bb]<\/p>\n<h1>Situation<\/h1>\n<p>La R\u00e9gion du Sobrarbe est situ\u00e9e au centre des Pyr\u00e9n\u00e9es, dans la partie la plus abrupte et spectaculaire de la cordill\u00e8re. Ses hauts sommets, Posets et Mont Perdu entre autres, dominent un territoire vierge \u00e9poustouflant. Situ\u00e9e dans la partie septentrionale de la province de Huesca, elle est d\u00e9limit\u00e9e au nord par la fronti\u00e8re avec la France, \u00e0 l\u2019est par la Ribagorza, au sud de la comarca de Somontano et \u00e0 l\u2019ouest celle de l\u2019Alto Gallego.<\/p>\n<p>Dot\u00e9e d\u2019un Parc National et de deux Parcs Naturels, la meilleure carte de visite pour ce territoire consid\u00e9r\u00e9 comme l\u2019un des plus prot\u00e9g\u00e9s et \u00a0mieux conserv\u00e9s de toute la cordill\u00e8re, du point de vue environnemental. Et m\u00eame si les visiteurs appr\u00e9cient tout particuli\u00e8rement son patrimoine naturel, ils seront surpris par ses villages et autres biens culturels de grande valeur.<\/p>\n<p>L\u2019am\u00e9lioration de la Transpyr\u00e9n\u00e9enne a permis de rapprocher les vall\u00e9es des Pyr\u00e9n\u00e9es qu\u2019il est aujourd\u2019hui possible de parcourir en une seule journ\u00e9e.<\/p>\n<p>Nous vous invitons \u00e0 d\u00e9couvrir le Sobrarbe\u00a0<a href=\"http:\/\/www.aragonelviajefascinante.com\/aragon_el_viaje\/aragonelviajefascinante\/0_Mov_Sobrarbe_Mov_01.html\" target=\"_blank\" rel=\"noopener\">\u00e0 vol d&rsquo;oiseau<\/a>.<\/p>\n<p>\u00a0<\/p>\n<h2><img loading=\"lazy\" decoding=\"async\" class=\"size-large wp-image-649 aligncenter\" src=\"https:\/\/ordesasobrarbe.com\/wp-content\/uploads\/2018\/10\/mapa_en_baja-715x1024.jpg\" alt=\"\" width=\"715\" height=\"1024\" \/><\/h2>\n<p>[\/et_pb_text][\/et_pb_column][\/et_pb_row][\/et_pb_section]<\/p>\n","protected":false},"excerpt":{"rendered":"<p><div class=\"et_pb_row et_pb_row_0 et_pb_row_empty\">\n\t\t\t\t\n\t\t\t\t\n\t\t\t\t\n\t\t\t\t\n\t\t\t\t\n\t\t\t<\/div> SituationLa R\u00e9gion du Sobrarbe est situ\u00e9e au centre des Pyr\u00e9n\u00e9es, dans la partie la plus abrupte et spectaculaire de la cordill\u00e8re. Ses hauts sommets, Posets et Mont Perdu entre autres, dominent un territoire vierge \u00e9poustouflant. Situ\u00e9e dans la partie septentrionale de la province de Huesca, elle est d\u00e9limit\u00e9e au nord par la fronti\u00e8re avec [&hellip;]<\/p>\n","protected":false},"author":1,"featured_media":30704,"parent":0,"menu_order":0,"comment_status":"closed","ping_status":"closed","template":"","meta":{"_et_pb_use_builder":"on","_et_pb_old_content":"<p>La Comarca de Sobrarbe se encuentra en el centro de los Pirineos, en la parte m\u00e1s abrupta y espectacular de esta cordillera. Sus altas cumbres, entre ellas Posets y Monte Perdido, presiden un territorio virgen y espectacular. Situada en la parte septentrional de la provincia de Huesca, limita al norte con Francia, al este con la Ribagorza, al sur con la comarca de Somontano y al oeste con la comarca del Alto G\u00e1llego.<\/p><div class=\"field field-name-body field-type-text-with-summary field-label-hidden\"><div class=\"field-items\"><div class=\"field-item even\"><p>Un Parque Nacional y dos Parques Naturales son la mejor carta de presentaci\u00f3n para considerar esta comarca como una de las m\u00e1s protegidas y \u00a0mejor conservadas a nivel ambiental de todo el Pirineo. Y aunque la naturaleza sea el patrimonio m\u00e1s apreciado, pueblos y bienes culturales de gran valor, sorprender\u00e1n al visitante.<\/p><p>Con la mejora de la Transpirenaica, los valles del Pirineo se acercan y hoy es posible recorrer todo el Pirineo Aragon\u00e9s es una sola jornada.<\/p><p><strong><u><a id=\"id-hatemile-display-7683368929841100-0\" href=\"http:\/\/www.aragonelviajefascinante.com\/aragon_el_viaje\/aragonelviajefascinante\/0_Mov_Sobrarbe_Mov_01.html\" target=\"_blank\" rel=\"noopener\"><span class=\"force-read-before\" data-attributetargetbeforeof=\"id-hatemile-display-7683368929841100-0\">(This link open in new tab) <\/span>A vista de P\u00e1jaro<\/a><\/u>\u00a0<\/strong>te invitamos a descubrir Sobrarbe.<\/p><h2><img class=\"size-large wp-image-649 aligncenter\" src=\"http:\/\/ordesasobrarbe.com\/wp-content\/uploads\/2018\/10\/mapa_en_baja-715x1024.jpg\" alt=\"\" width=\"715\" height=\"1024\" \/><\/h2><h2 style=\"text-align: center;\">Mapa de servicios de la comarca de Sobrarbe<\/h2><\/div><\/div><\/div>","_et_gb_content_width":"","footnotes":""},"tags":[592,472,473],"class_list":["post-888","page","type-page","status-publish","has-post-thumbnail","hentry","tag-ainsa-fr","tag-monte-perdido-fr","tag-ordesa-fr"],"publishpress_future_workflow_manual_trigger":{"enabledWorkflows":[]},"_links":{"self":[{"href":"https:\/\/ordesasobrarbe.com\/fr\/wp-json\/wp\/v2\/pages\/888","targetHints":{"allow":["GET"]}}],"collection":[{"href":"https:\/\/ordesasobrarbe.com\/fr\/wp-json\/wp\/v2\/pages"}],"about":[{"href":"https:\/\/ordesasobrarbe.com\/fr\/wp-json\/wp\/v2\/types\/page"}],"author":[{"embeddable":true,"href":"https:\/\/ordesasobrarbe.com\/fr\/wp-json\/wp\/v2\/users\/1"}],"replies":[{"embeddable":true,"href":"https:\/\/ordesasobrarbe.com\/fr\/wp-json\/wp\/v2\/comments?post=888"}],"version-history":[{"count":0,"href":"https:\/\/ordesasobrarbe.com\/fr\/wp-json\/wp\/v2\/pages\/888\/revisions"}],"wp:featuredmedia":[{"embeddable":true,"href":"https:\/\/ordesasobrarbe.com\/fr\/wp-json\/wp\/v2\/media\/30704"}],"wp:attachment":[{"href":"https:\/\/ordesasobrarbe.com\/fr\/wp-json\/wp\/v2\/media?parent=888"}],"wp:term":[{"taxonomy":"post_tag","embeddable":true,"href":"https:\/\/ordesasobrarbe.com\/fr\/wp-json\/wp\/v2\/tags?post=888"}],"curies":[{"name":"wp","href":"https:\/\/api.w.org\/{rel}","templated":true}]}}