{"id":925,"date":"2018-10-25T15:59:17","date_gmt":"2018-10-25T13:59:17","guid":{"rendered":"https:\/\/ordesasobrarbe.com\/comarca-sobrarbe\/"},"modified":"2019-02-25T19:04:13","modified_gmt":"2019-02-25T18:04:13","slug":"la-region-du-sobrarbe","status":"publish","type":"page","link":"https:\/\/ordesasobrarbe.com\/fr\/la-region-du-sobrarbe\/","title":{"rendered":"la R\u00e9gion du Sobrarbe"},"content":{"rendered":"<p>[et_pb_section bb_built=\u00a0\u00bb1&Prime; fullwidth=\u00a0\u00bbon\u00a0\u00bb specialty=\u00a0\u00bboff\u00a0\u00bb next_background_color=\u00a0\u00bb#000000&Prime;][et_pb_fullwidth_slider _builder_version=\u00a0\u00bb3.19.17&Prime; background_image=\u00a0\u00bbhttps:\/\/ordesasobrarbe.com\/wp-content\/uploads\/2014\/05\/pn_posets_maladeta_principal_red.jpg\u00a0\u00bb][et_pb_slide _builder_version=\u00a0\u00bb3.19.17&Prime; heading=\u00a0\u00bbLe Sobrarbe\u00a0\u00bb button_link=\u00a0\u00bb#\u00a0\u00bb button_link_2=\u00a0\u00bb#\u00a0\u00bb url_new_window=\u00a0\u00bboff\u00a0\u00bb link_option_url_new_window=\u00a0\u00bboff\u00a0\u00bb background_color=\u00a0\u00bb#000000&Prime; use_background_color_gradient=\u00a0\u00bboff\u00a0\u00bb background_color_gradient_start=\u00a0\u00bb#2b87da\u00a0\u00bb background_color_gradient_end=\u00a0\u00bb#29c4a9&Prime; background_color_gradient_type=\u00a0\u00bblinear\u00a0\u00bb background_color_gradient_direction=\u00a0\u00bb180deg\u00a0\u00bb background_color_gradient_direction_radial=\u00a0\u00bbcenter\u00a0\u00bb background_color_gradient_start_position=\u00a0\u00bb0%\u00a0\u00bb background_color_gradient_end_position=\u00a0\u00bb100%\u00a0\u00bb background_color_gradient_overlays_image=\u00a0\u00bboff\u00a0\u00bb parallax=\u00a0\u00bboff\u00a0\u00bb parallax_method=\u00a0\u00bbon\u00a0\u00bb background_size=\u00a0\u00bbcover\u00a0\u00bb background_position=\u00a0\u00bbcenter\u00a0\u00bb background_repeat=\u00a0\u00bbno-repeat\u00a0\u00bb background_blend=\u00a0\u00bbnormal\u00a0\u00bb allow_player_pause=\u00a0\u00bboff\u00a0\u00bb background_video_pause_outside_viewport=\u00a0\u00bbon\u00a0\u00bb use_bg_overlay=\u00a0\u00bboff\u00a0\u00bb use_text_overlay=\u00a0\u00bboff\u00a0\u00bb text_border_radius=\u00a0\u00bb3&Prime; alignment=\u00a0\u00bbcenter\u00a0\u00bb child_filter_hue_rotate=\u00a0\u00bb0deg\u00a0\u00bb child_filter_saturate=\u00a0\u00bb100%\u00a0\u00bb child_filter_brightness=\u00a0\u00bb100%\u00a0\u00bb child_filter_contrast=\u00a0\u00bb100%\u00a0\u00bb child_filter_invert=\u00a0\u00bb0%\u00a0\u00bb child_filter_sepia=\u00a0\u00bb0%\u00a0\u00bb child_filter_opacity=\u00a0\u00bb100%\u00a0\u00bb child_filter_blur=\u00a0\u00bb0px\u00a0\u00bb child_mix_blend_mode=\u00a0\u00bbnormal\u00a0\u00bb background_layout=\u00a0\u00bbdark\u00a0\u00bb text_shadow_style=\u00a0\u00bbnone\u00a0\u00bb header_text_shadow_style=\u00a0\u00bbnone\u00a0\u00bb body_text_shadow_style=\u00a0\u00bbnone\u00a0\u00bb custom_button=\u00a0\u00bboff\u00a0\u00bb button_bg_use_color_gradient=\u00a0\u00bboff\u00a0\u00bb button_bg_color_gradient_overlays_image=\u00a0\u00bboff\u00a0\u00bb button_use_icon=\u00a0\u00bbon\u00a0\u00bb button_on_hover=\u00a0\u00bbon\u00a0\u00bb button_text_shadow_style=\u00a0\u00bbnone\u00a0\u00bb box_shadow_style_button=\u00a0\u00bbnone\u00a0\u00bb hover_transition_duration=\u00a0\u00bb300ms\u00a0\u00bb hover_transition_delay=\u00a0\u00bb0ms\u00a0\u00bb hover_transition_speed_curve=\u00a0\u00bbease\u00a0\u00bb \/][\/et_pb_fullwidth_slider][\/et_pb_section][et_pb_section bb_built=\u00a0\u00bb1&Prime; prev_background_color=\u00a0\u00bb#000000&Prime;][et_pb_row][et_pb_column type=\u00a0\u00bb4_4&Prime;][et_pb_text _builder_version=\u00a0\u00bb3.19.17&Prime;]<\/p>\n<h1>Pr\u00e9sentation de la r\u00e9gion du Sobrarbe<\/h1>\n<p>Le Sobrarbe se situe au coeur des Pyr\u00e9n\u00e9es Aragonaises, dans la province de Huesca.<\/p>\n<p>Cette r\u00e9gion s\u2019\u00e9tend sur <strong>2.200 kilom\u00e8tres carr\u00e9s <\/strong>de Pyr\u00e9n\u00e9es Centrales et de cha\u00eenes secondaires, comme le bassin duR\u00edo (rivi\u00e8re) Ara et la t\u00eate du Cinca ainsi que ses affluents.<\/p>\n<p>\u00c0 ce jour, environ 8.000 habitants y vivent, travaillant en majorit\u00e9 dans les secteurs primaire et tertiaire (services).<\/p>\n<p>La R\u00e9gion du Sobrarbe se caract\u00e9rise par une zone montagneuse au nord,creus\u00e9e par les vall\u00e9es des rivi\u00e8res Ara, Cinca et Cinqueta. La zone centrale est peupl\u00e9e de diverses d\u00e9pressions comme Broto, Fiscal, Arcusa, La Fueva. Au sud apparaissent les sierras ext\u00e9rieures, dites pr\u00e9-pyr\u00e9n\u00e9ennes, de Guara et Ols\u00f3n.<\/p>\n<p>\u00a0<\/p>\n<p>Nous nous trouvons face \u00e0 un territoire caract\u00e9ris\u00e9 par <strong>son altitude \u00e9lev\u00e9e <\/strong>et par sa <strong>topographie accident\u00e9e <\/strong>: <strong>62 % du territoire se trouve \u00e0 plus de 1000 m d\u2019altitude<\/strong>, <strong>31% est situ\u00e9 entre 601 et 1000 m <\/strong>et seulement<strong>6%<\/strong> du territoire est situ\u00e9 <strong>entre 401 y 600m<\/strong> d\u2019altitude.<\/p>\n<p>La r\u00e9gion est dot\u00e9e d\u2019un Parc National (PN d\u2019Ordesa et Mont Perdu) et deux Parcs Naturels (Posets Maladeta, Sierra et Canyons de Guara), en plus d\u2019une infinit\u00e9 de recoins bucoliques, uniques et magiques.<\/p>\n<p>Le Sobrarbe offre nature, patrimoine, loisirs et d\u00e9tente pour tous les \u00e2ges. Ce site internet a pour ambition de mieux faire conna\u00eetre la richesse de notreterritoireet de ses habitants,enclins \u00e0 accueillirles visiteurs.<\/p>\n<p>Bonne visite en Sobrarbe!<\/p>\n<p>\u00a0<\/p>\n<h2>II- Le Sobrarbe vu par les internautes: blogs de voyages<\/h2>\n<p>De nombreux blogs font\u00e9cho des merveilles du Sobrarbe&#8230; Nous vous proposons quelques liens ci-dessous<\/p>\n<ul>\n<li><a href=\"http:\/\/www.nadaincluido.com\/ainsa-ordesa-y-otros-lugares-del-sobrarbe-aragones\/\" target=\"_blank\" rel=\"noopener noreferrer\" data-cke-saved-href=\"http:\/\/www.nadaincluido.com\/ainsa-ordesa-y-otros-lugares-del-sobrarbe-aragones\/\" data-cke-saved->Nada Incluido: Ainsa, Ordesa y otros lugares del Sobrarbe<\/a><\/li>\n<li><a href=\"http:\/\/www.unmundopara3.com\/category\/sobrarbe\/\" target=\"_blank\" rel=\"noopener noreferrer\" data-cke-saved-href=\"http:\/\/www.unmundopara3.com\/category\/sobrarbe\/\" data-cke-saved->Un mundo para 3: el Sobrarbe<\/a><\/li>\n<li><a href=\"https:\/\/atomarpormundo.com\/sobrarbe-pirineo-aragones\/?platform=hootsuite\" target=\"_blank\" rel=\"noopener noreferrer\" data-cke-saved-href=\"https:\/\/atomarpormundo.com\/sobrarbe-pirineo-aragones\/?platform=hootsuite\" data-cke-saved->A tomar por Mundo: Sobrarbe, Pirineo aragon\u00e9s<\/a><\/li>\n<li><a href=\"https:\/\/www.miruta.es\/sobrarbe-el-pirineo-aragones-menos-conocido\/\" target=\"_blank\" rel=\"noopener noreferrer\" data-cke-saved-href=\"https:\/\/www.miruta.es\/sobrarbe-el-pirineo-aragones-menos-conocido\/\" data-cke-saved->Mi Ruta : Sobrarbe, el Pirineo Aragon\u00e9s menos conocido<\/a><\/li>\n<li><a href=\"https:\/\/familiasenruta.com\/experiencias\/famenruta\/sobrarbe-huesca-con-ninos\/\" target=\"_blank\" rel=\"noopener noreferrer\" data-cke-saved-href=\"https:\/\/familiasenruta.com\/experiencias\/famenruta\/sobrarbe-huesca-con-ninos\/\" data-cke-saved->Familias en ruta: Sobrarbe, Huesca. Una comarca incomparable<\/a><\/li>\n<li><a href=\"http:\/\/www.ignacioizquierdo.com\/categoria\/espana\/aragon\/\" target=\"_blank\" rel=\"noopener noreferrer\" data-cke-saved-href=\"http:\/\/www.ignacioizquierdo.com\/categoria\/espana\/aragon\/\" data-cke-saved->Cr\u00f3nicas de una c\u00e1mara<\/a><\/li>\n<li><a href=\"https:\/\/www.abcviajes.com\/turismo\/sobrarbe_desde_las_alturas.php\" target=\"_blank\" rel=\"noopener noreferrer\" data-cke-saved-href=\"https:\/\/www.abcviajes.com\/turismo\/sobrarbe_desde_las_alturas.php\" data-cke-saved->abcviajes : Sobrarbe desde las alturas<\/a><\/li>\n<li><a href=\"https:\/\/www.365sabadosviajando.com\/europa\/espana\/pirineo-aragones\/sobrarbe\/\" target=\"_blank\" rel=\"noopener noreferrer\" data-cke-saved-href=\"https:\/\/www.365sabadosviajando.com\/europa\/espana\/pirineo-aragones\/sobrarbe\/\" data-cke-saved->365 s\u00e1bados viajando : el d\u00eda que me enamor\u00e9 del hielo en Sobrarbe<\/a><\/li>\n<li><a href=\"https:\/\/losviajesdeclaudia.com\/espana\/huesca\/ainsa-un-casco-historico-que-sorprende\/\" target=\"_blank\" rel=\"noopener noreferrer\" data-cke-saved-href=\"https:\/\/losviajesdeclaudia.com\/espana\/huesca\/ainsa-un-casco-historico-que-sorprende\/\" data-cke-saved->Los viajes de Claudia<\/a>\n<ul>\n<li style=\"list-style-type: none;\">\n<ul>\n<li><a href=\"https:\/\/losviajesdeclaudia.com\/espana\/huesca\/ainsa-un-casco-historico-que-sorprende\/\" target=\"_blank\" rel=\"noopener noreferrer\" data-cke-saved-href=\"https:\/\/losviajesdeclaudia.com\/espana\/huesca\/ainsa-un-casco-historico-que-sorprende\/\" data-cke-saved->Ainsa un casco hist\u00f3rico que sorprende<\/a><\/li>\n<li><a href=\"https:\/\/losviajesdeclaudia.com\/espana\/huesca\/pueblos-fantasma-de-espana-janovas\/\" target=\"_blank\" rel=\"noopener noreferrer\" data-cke-saved-href=\"https:\/\/losviajesdeclaudia.com\/espana\/huesca\/pueblos-fantasma-de-espana-janovas\/\" data-cke-saved->Pueblos fantasmas de Espa\u00f1a: J\u00e1novas<\/a><\/li>\n<\/ul>\n<\/li>\n<\/ul>\n<\/li>\n<li><a href=\"https:\/\/mundoxdescubrir.com\/naturaleza-sobrarbe-valle-ordesa-y-monte-perdido\/\" target=\"_blank\" rel=\"noopener noreferrer\" data-cke-saved-href=\"https:\/\/mundoxdescubrir.com\/naturaleza-sobrarbe-valle-ordesa-y-monte-perdido\/\" data-cke-saved->Mundo x descubrir<\/a>\n<ul>\n<li><a href=\"https:\/\/mundoxdescubrir.com\/naturaleza-sobrarbe-valle-ordesa-y-monte-perdido\/\" target=\"_blank\" rel=\"noopener noreferrer\" data-cke-saved-href=\"https:\/\/mundoxdescubrir.com\/naturaleza-sobrarbe-valle-ordesa-y-monte-perdido\/\" data-cke-saved->Parque Nacional de Ordesa y Monte Perdido<\/a><\/li>\n<li><a href=\"https:\/\/mundoxdescubrir.com\/que-ver-y-hacer-en-ainsa-capital-del-sobrarbe-huesca-espana\/\" target=\"_blank\" rel=\"noopener noreferrer\" data-cke-saved-href=\"https:\/\/mundoxdescubrir.com\/que-ver-y-hacer-en-ainsa-capital-del-sobrarbe-huesca-espana\/\" data-cke-saved->Ainsa, capital del Sobrarbe<\/a><\/li>\n<\/ul>\n<\/li>\n<\/ul>\n<h2>Galleries Photos du Sobrarbe<\/h2>\n<style type=\"text\/css\">\n#foogallery-gallery-634 .fg-image { width: 150px; }\n#foogallery-gallery-634 { --fg-gutter: 10px; }<\/style>\n\t\t\t<div class=\"foogallery foogallery-container foogallery-default foogallery-lightbox-foobox fg-center fg-default fg-ready fg-light fg-border-thin fg-shadow-outline fg-loading-default fg-loaded-fade-in fg-caption-hover fg-hover-fade fg-hover-zoom\" id=\"foogallery-gallery-634\" data-foogallery=\"{&quot;item&quot;:{&quot;showCaptionTitle&quot;:true,&quot;showCaptionDescription&quot;:true},&quot;lazy&quot;:true}\" style=\"--fg-title-line-clamp: 0; --fg-description-line-clamp: 0;\" >\n\t<div class=\"fg-item fg-type-image fg-idle\"><figure class=\"fg-item-inner\"><a href=\"https:\/\/ordesasobrarbe.com\/wp-content\/uploads\/2018\/10\/aguas_blancas.jpg\" data-caption-title=\"AETS Ordesa Sobrarbe Pirineos\" data-caption-desc=\"AETS Ordesa Sobrarbe Pirineos\" data-attachment-id=\"27974\" data-type=\"image\" class=\"fg-thumb\"><span class=\"fg-image-wrap\"><img decoding=\"async\" title=\"AETS Ordesa Sobrarbe Pirineos\" width=\"150\" height=\"150\" class=\"skip-lazy fg-image\" data-no-lazy=\"1\" data-src-fg=\"https:\/\/ordesasobrarbe.com\/wp-content\/uploads\/cache\/2018\/10\/aguas_blancas\/3972516763.jpg\" src=\"data:image\/svg+xml,%3Csvg%20xmlns%3D%22http%3A%2F%2Fwww.w3.org%2F2000%2Fsvg%22%20width%3D%22150%22%20height%3D%22150%22%20viewBox%3D%220%200%20150%20150%22%3E%3C%2Fsvg%3E\" loading=\"eager\"><\/span><span class=\"fg-image-overlay\"><\/span><\/a><figcaption class=\"fg-caption\"><div class=\"fg-caption-inner\"><div class=\"fg-caption-title\">AETS Ordesa Sobrarbe Pirineos<\/div><div class=\"fg-caption-desc\">AETS Ordesa Sobrarbe Pirineos<\/div><\/div><\/figcaption><\/figure><div class=\"fg-loader\"><\/div><\/div><div class=\"fg-item fg-type-image fg-idle\"><figure class=\"fg-item-inner\"><a href=\"https:\/\/ordesasobrarbe.com\/wp-content\/uploads\/2018\/10\/ainsa_desde_el_castillo.jpg\" data-caption-title=\"AETS Ordesa Sobrarbe Pirineos\" data-caption-desc=\"AETS Ordesa Sobrarbe Pirineos\" data-attachment-id=\"27972\" data-type=\"image\" class=\"fg-thumb\"><span class=\"fg-image-wrap\"><img decoding=\"async\" title=\"AETS Ordesa Sobrarbe Pirineos\" width=\"150\" height=\"150\" class=\"skip-lazy fg-image\" data-no-lazy=\"1\" data-src-fg=\"https:\/\/ordesasobrarbe.com\/wp-content\/uploads\/cache\/2018\/10\/ainsa_desde_el_castillo\/1717890556.jpg\" src=\"data:image\/svg+xml,%3Csvg%20xmlns%3D%22http%3A%2F%2Fwww.w3.org%2F2000%2Fsvg%22%20width%3D%22150%22%20height%3D%22150%22%20viewBox%3D%220%200%20150%20150%22%3E%3C%2Fsvg%3E\" loading=\"eager\"><\/span><span class=\"fg-image-overlay\"><\/span><\/a><figcaption class=\"fg-caption\"><div class=\"fg-caption-inner\"><div class=\"fg-caption-title\">AETS Ordesa Sobrarbe Pirineos<\/div><div class=\"fg-caption-desc\">AETS Ordesa Sobrarbe Pirineos<\/div><\/div><\/figcaption><\/figure><div class=\"fg-loader\"><\/div><\/div><div class=\"fg-item fg-type-image fg-idle\"><figure class=\"fg-item-inner\"><a href=\"https:\/\/ordesasobrarbe.com\/wp-content\/uploads\/2018\/10\/barrancos_8_ekm.jpg\" data-caption-title=\"AETS Ordesa Sobrarbe Pirineos\" data-caption-desc=\"AETS Ordesa Sobrarbe Pirineos\" data-attachment-id=\"27970\" data-type=\"image\" class=\"fg-thumb\"><span class=\"fg-image-wrap\"><img decoding=\"async\" title=\"AETS Ordesa Sobrarbe Pirineos\" width=\"150\" height=\"150\" class=\"skip-lazy fg-image\" data-no-lazy=\"1\" data-src-fg=\"https:\/\/ordesasobrarbe.com\/wp-content\/uploads\/cache\/2018\/10\/barrancos_8_ekm\/1069671130.jpg\" src=\"data:image\/svg+xml,%3Csvg%20xmlns%3D%22http%3A%2F%2Fwww.w3.org%2F2000%2Fsvg%22%20width%3D%22150%22%20height%3D%22150%22%20viewBox%3D%220%200%20150%20150%22%3E%3C%2Fsvg%3E\" loading=\"eager\"><\/span><span class=\"fg-image-overlay\"><\/span><\/a><figcaption class=\"fg-caption\"><div class=\"fg-caption-inner\"><div class=\"fg-caption-title\">AETS Ordesa Sobrarbe Pirineos<\/div><div class=\"fg-caption-desc\">AETS Ordesa Sobrarbe Pirineos<\/div><\/div><\/figcaption><\/figure><div class=\"fg-loader\"><\/div><\/div><div class=\"fg-item fg-type-image fg-idle\"><figure class=\"fg-item-inner\"><a href=\"https:\/\/ordesasobrarbe.com\/wp-content\/uploads\/2018\/10\/barrosa.jpg\" data-caption-title=\"AETS Ordesa Sobrarbe Pirineos\" data-caption-desc=\"AETS Ordesa Sobrarbe Pirineos\" data-attachment-id=\"27968\" data-type=\"image\" class=\"fg-thumb\"><span class=\"fg-image-wrap\"><img decoding=\"async\" title=\"AETS Ordesa Sobrarbe Pirineos\" width=\"150\" height=\"150\" class=\"skip-lazy fg-image\" data-no-lazy=\"1\" data-src-fg=\"https:\/\/ordesasobrarbe.com\/wp-content\/uploads\/cache\/2018\/10\/barrosa\/1037475334.jpg\" src=\"data:image\/svg+xml,%3Csvg%20xmlns%3D%22http%3A%2F%2Fwww.w3.org%2F2000%2Fsvg%22%20width%3D%22150%22%20height%3D%22150%22%20viewBox%3D%220%200%20150%20150%22%3E%3C%2Fsvg%3E\" loading=\"eager\"><\/span><span class=\"fg-image-overlay\"><\/span><\/a><figcaption class=\"fg-caption\"><div class=\"fg-caption-inner\"><div class=\"fg-caption-title\">AETS Ordesa Sobrarbe Pirineos<\/div><div class=\"fg-caption-desc\">AETS Ordesa Sobrarbe Pirineos<\/div><\/div><\/figcaption><\/figure><div class=\"fg-loader\"><\/div><\/div><div class=\"fg-item fg-type-image fg-idle\"><figure class=\"fg-item-inner\"><a href=\"https:\/\/ordesasobrarbe.com\/wp-content\/uploads\/2018\/10\/caixigo_gigante_cerca_de_lecina.jpg\" data-caption-title=\"AETS Ordesa Sobrarbe Pirineos\" data-caption-desc=\"AETS Ordesa Sobrarbe Pirineos\" data-attachment-id=\"27966\" data-type=\"image\" class=\"fg-thumb\"><span class=\"fg-image-wrap\"><img decoding=\"async\" title=\"AETS Ordesa Sobrarbe Pirineos\" width=\"150\" height=\"150\" class=\"skip-lazy fg-image\" data-no-lazy=\"1\" data-src-fg=\"https:\/\/ordesasobrarbe.com\/wp-content\/uploads\/cache\/2018\/10\/caixigo_gigante_cerca_de_lecina\/349662782.jpg\" src=\"data:image\/svg+xml,%3Csvg%20xmlns%3D%22http%3A%2F%2Fwww.w3.org%2F2000%2Fsvg%22%20width%3D%22150%22%20height%3D%22150%22%20viewBox%3D%220%200%20150%20150%22%3E%3C%2Fsvg%3E\" loading=\"eager\"><\/span><span class=\"fg-image-overlay\"><\/span><\/a><figcaption class=\"fg-caption\"><div class=\"fg-caption-inner\"><div class=\"fg-caption-title\">AETS Ordesa Sobrarbe Pirineos<\/div><div class=\"fg-caption-desc\">AETS Ordesa Sobrarbe Pirineos<\/div><\/div><\/figcaption><\/figure><div class=\"fg-loader\"><\/div><\/div><div class=\"fg-item fg-type-image fg-idle\"><figure class=\"fg-item-inner\"><a href=\"https:\/\/ordesasobrarbe.com\/wp-content\/uploads\/2018\/10\/espeleo_2_ekm.jpg\" data-caption-title=\"AETS Ordesa Sobrarbe Pirineos\" data-caption-desc=\"AETS Ordesa Sobrarbe Pirineos\" data-attachment-id=\"27964\" data-type=\"image\" class=\"fg-thumb\"><span class=\"fg-image-wrap\"><img decoding=\"async\" title=\"AETS Ordesa Sobrarbe Pirineos\" width=\"150\" height=\"150\" class=\"skip-lazy fg-image\" data-no-lazy=\"1\" data-src-fg=\"https:\/\/ordesasobrarbe.com\/wp-content\/uploads\/cache\/2018\/10\/espeleo_2_ekm\/2192006807.jpg\" src=\"data:image\/svg+xml,%3Csvg%20xmlns%3D%22http%3A%2F%2Fwww.w3.org%2F2000%2Fsvg%22%20width%3D%22150%22%20height%3D%22150%22%20viewBox%3D%220%200%20150%20150%22%3E%3C%2Fsvg%3E\" loading=\"eager\"><\/span><span class=\"fg-image-overlay\"><\/span><\/a><figcaption class=\"fg-caption\"><div class=\"fg-caption-inner\"><div class=\"fg-caption-title\">AETS Ordesa Sobrarbe Pirineos<\/div><div class=\"fg-caption-desc\">AETS Ordesa Sobrarbe Pirineos<\/div><\/div><\/figcaption><\/figure><div class=\"fg-loader\"><\/div><\/div><\/div>\n\n<p>\u00a0<\/p>\n<p>[\/et_pb_text][\/et_pb_column][\/et_pb_row][\/et_pb_section]<\/p>\n","protected":false},"excerpt":{"rendered":"<p><div class=\"et_pb_row et_pb_row_0 et_pb_row_empty\">\n\t\t\t\t\n\t\t\t\t\n\t\t\t\t\n\t\t\t\t\n\t\t\t\t\n\t\t\t<\/div> Pr\u00e9sentation de la r\u00e9gion du SobrarbeLe Sobrarbe se situe au coeur des Pyr\u00e9n\u00e9es Aragonaises, dans la province de Huesca.Cette r\u00e9gion s\u2019\u00e9tend sur 2.200 kilom\u00e8tres carr\u00e9s de Pyr\u00e9n\u00e9es Centrales et de cha\u00eenes secondaires, comme le bassin duR\u00edo (rivi\u00e8re) Ara et la t\u00eate du Cinca ainsi que ses affluents.\u00c0 ce jour, environ 8.000 habitants y vivent, [&hellip;]<\/p>\n","protected":false},"author":1,"featured_media":927,"parent":0,"menu_order":0,"comment_status":"closed","ping_status":"closed","template":"","meta":{"_et_pb_use_builder":"on","_et_pb_old_content":"<h1>Presentaci\u00f3n de la comarca de Sobrarbe:<\/h1><p>La Comarca del Sobrarbe est\u00e1 situada en el coraz\u00f3n del Pirineo Aragon\u00e9s, provincia de Huesca.<\/p><p>Sobrarbe, abarca <strong>2.200 kil\u00f3metros cuadrados <\/strong>de Pirineo Central y sierras del prepirineo, as\u00ed como la cuenca del r\u00edo Ara y la cabecera del Cinca con sus afluentes.<\/p><p>Actualmente en Sobrarbe viven unos 8.000 habitantes, dedicados en su mayor\u00eda a los sectores primario y terciario (servicios).<\/p><p>La Comarca de Sobrarbe presenta una zona norte monta\u00f1osa surcada por los valles de los rios Ara, Cinca y Cinqueta. La zona central est\u00e1 ocupada por diversas depresiones como Broto, Fiscal, Arcusa, La Fueva. Al sur aparecen las sierras prepirenaicas de Guara y Ols\u00f3n.<\/p><p>Nos encontramos ante un espacio definido por <strong>su elevada altitud<\/strong> y por su <strong>topograf\u00eda accidentada<\/strong>:el <strong>62 % del territorio se encuentra a m\u00e1s de 1.000 m. de altitud<\/strong>,el <strong>31% se sit\u00faa entre 601 y 1000 m <\/strong>y s\u00f3lo un <strong>6%<\/strong> del territorio est\u00e1 situado <strong>entre 401 y 600m.<\/strong> de altitud.<\/p><p>La comarca cuenta con un Parque Nacional (PN de Ordesa y Monte Perdido) y dos Parques Naturales (Posets Maladeta y Sierra y Ca\u00f1ones de Guara), adem\u00e1s de infinidad de rincones buc\u00f3licos, especiales y algo m\u00e1gicos.<\/p><p>Sobrarbe ofrece naturaleza, patrimonio, ocio y relax para todas las edades. A trav\u00e9s de esta web, pretendemos dar a conocer mejor la riqueza de nuestra comarca y de sus gentes, volcadas en el vistante.<\/p><p>Buena visita a Sobrarbe!<\/p><h2>II- El Sobrarbe visto por los internautas: blogs de viajes<\/h2><p>Muchos blogs se hacen eco de las maravillas del Sobrarbe... aqu\u00ed te dejamos unos cuantos enlaces<\/p><ul><li><a href=\"http:\/\/www.nadaincluido.com\/ainsa-ordesa-y-otros-lugares-del-sobrarbe-aragones\/\" target=\"_blank\" rel=\"noopener\" data-cke-saved-href=\"http:\/\/www.nadaincluido.com\/ainsa-ordesa-y-otros-lugares-del-sobrarbe-aragones\/\">Nada Incluido: Ainsa, Ordesa y otros lugares del Sobrarbe<\/a><\/li><li><a href=\"http:\/\/www.unmundopara3.com\/category\/sobrarbe\/\" target=\"_blank\" rel=\"noopener\" data-cke-saved-href=\"http:\/\/www.unmundopara3.com\/category\/sobrarbe\/\">Un mundo para 3: el Sobrarbe<\/a><\/li><li><a href=\"https:\/\/atomarpormundo.com\/sobrarbe-pirineo-aragones\/?platform=hootsuite\" target=\"_blank\" rel=\"noopener\" data-cke-saved-href=\"https:\/\/atomarpormundo.com\/sobrarbe-pirineo-aragones\/?platform=hootsuite\">A tomar por Mundo: Sobrarbe, Pirineo aragon\u00e9s<\/a><\/li><li><a href=\"https:\/\/www.miruta.es\/sobrarbe-el-pirineo-aragones-menos-conocido\/\" target=\"_blank\" rel=\"noopener\" data-cke-saved-href=\"https:\/\/www.miruta.es\/sobrarbe-el-pirineo-aragones-menos-conocido\/\">Mi Ruta : Sobrarbe, el Pirineo Aragon\u00e9s menos conocido<\/a><\/li><li><a href=\"https:\/\/familiasenruta.com\/experiencias\/famenruta\/sobrarbe-huesca-con-ninos\/\" target=\"_blank\" rel=\"noopener\" data-cke-saved-href=\"https:\/\/familiasenruta.com\/experiencias\/famenruta\/sobrarbe-huesca-con-ninos\/\">Familias en ruta: Sobrarbe, Huesca. Una comarca incomparable<\/a><\/li><li><a href=\"http:\/\/www.ignacioizquierdo.com\/categoria\/espana\/aragon\/\" target=\"_blank\" rel=\"noopener\" data-cke-saved-href=\"http:\/\/www.ignacioizquierdo.com\/categoria\/espana\/aragon\/\">Cr\u00f3nicas de una c\u00e1mara<\/a><\/li><li><a href=\"https:\/\/www.abcviajes.com\/turismo\/sobrarbe_desde_las_alturas.php\" target=\"_blank\" rel=\"noopener\" data-cke-saved-href=\"https:\/\/www.abcviajes.com\/turismo\/sobrarbe_desde_las_alturas.php\">abcviajes : Sobrarbe desde las alturas<\/a><\/li><li><a href=\"https:\/\/www.365sabadosviajando.com\/europa\/espana\/pirineo-aragones\/sobrarbe\/\" target=\"_blank\" rel=\"noopener\" data-cke-saved-href=\"https:\/\/www.365sabadosviajando.com\/europa\/espana\/pirineo-aragones\/sobrarbe\/\">365 s\u00e1bados viajando : el d\u00eda que me enamor\u00e9 del hielo en Sobrarbe<\/a><\/li><li><a href=\"https:\/\/losviajesdeclaudia.com\/espana\/huesca\/ainsa-un-casco-historico-que-sorprende\/\" target=\"_blank\" rel=\"noopener\" data-cke-saved-href=\"https:\/\/losviajesdeclaudia.com\/espana\/huesca\/ainsa-un-casco-historico-que-sorprende\/\">Los viajes de Claudia<\/a><ul><li style=\"list-style-type: none;\"><ul><li><a href=\"https:\/\/losviajesdeclaudia.com\/espana\/huesca\/ainsa-un-casco-historico-que-sorprende\/\" target=\"_blank\" rel=\"noopener\" data-cke-saved-href=\"https:\/\/losviajesdeclaudia.com\/espana\/huesca\/ainsa-un-casco-historico-que-sorprende\/\">Ainsa un casco hist\u00f3rico que sorprende<\/a><\/li><li><a href=\"https:\/\/losviajesdeclaudia.com\/espana\/huesca\/pueblos-fantasma-de-espana-janovas\/\" target=\"_blank\" rel=\"noopener\" data-cke-saved-href=\"https:\/\/losviajesdeclaudia.com\/espana\/huesca\/pueblos-fantasma-de-espana-janovas\/\">Pueblos fantasmas de Espa\u00f1a: J\u00e1novas<\/a><\/li><\/ul><\/li><\/ul><\/li><li><a href=\"https:\/\/mundoxdescubrir.com\/naturaleza-sobrarbe-valle-ordesa-y-monte-perdido\/\" target=\"_blank\" rel=\"noopener\" data-cke-saved-href=\"https:\/\/mundoxdescubrir.com\/naturaleza-sobrarbe-valle-ordesa-y-monte-perdido\/\">Mundo x descubrir<\/a><ul><li><a href=\"https:\/\/mundoxdescubrir.com\/naturaleza-sobrarbe-valle-ordesa-y-monte-perdido\/\" target=\"_blank\" rel=\"noopener\" data-cke-saved-href=\"https:\/\/mundoxdescubrir.com\/naturaleza-sobrarbe-valle-ordesa-y-monte-perdido\/\">Parque Nacional de Ordesa y Monte Perdido<\/a><\/li><li><a href=\"https:\/\/mundoxdescubrir.com\/que-ver-y-hacer-en-ainsa-capital-del-sobrarbe-huesca-espana\/\" target=\"_blank\" rel=\"noopener\" data-cke-saved-href=\"https:\/\/mundoxdescubrir.com\/que-ver-y-hacer-en-ainsa-capital-del-sobrarbe-huesca-espana\/\">Ainsa, capital del Sobrarbe<\/a><\/li><\/ul><\/li><\/ul><h2>Galer\u00eda de Fotos de Sobrarbe<\/h2><p>[foogallery id=\"634\"]<\/p><p>\u00a0<\/p>","_et_gb_content_width":"","footnotes":""},"tags":[592,366,467],"class_list":["post-925","page","type-page","status-publish","has-post-thumbnail","hentry","tag-ainsa-fr","tag-broto-fr","tag-sobrarbe-fr"],"publishpress_future_workflow_manual_trigger":{"enabledWorkflows":[]},"_links":{"self":[{"href":"https:\/\/ordesasobrarbe.com\/fr\/wp-json\/wp\/v2\/pages\/925","targetHints":{"allow":["GET"]}}],"collection":[{"href":"https:\/\/ordesasobrarbe.com\/fr\/wp-json\/wp\/v2\/pages"}],"about":[{"href":"https:\/\/ordesasobrarbe.com\/fr\/wp-json\/wp\/v2\/types\/page"}],"author":[{"embeddable":true,"href":"https:\/\/ordesasobrarbe.com\/fr\/wp-json\/wp\/v2\/users\/1"}],"replies":[{"embeddable":true,"href":"https:\/\/ordesasobrarbe.com\/fr\/wp-json\/wp\/v2\/comments?post=925"}],"version-history":[{"count":0,"href":"https:\/\/ordesasobrarbe.com\/fr\/wp-json\/wp\/v2\/pages\/925\/revisions"}],"wp:featuredmedia":[{"embeddable":true,"href":"https:\/\/ordesasobrarbe.com\/fr\/wp-json\/wp\/v2\/media\/927"}],"wp:attachment":[{"href":"https:\/\/ordesasobrarbe.com\/fr\/wp-json\/wp\/v2\/media?parent=925"}],"wp:term":[{"taxonomy":"post_tag","embeddable":true,"href":"https:\/\/ordesasobrarbe.com\/fr\/wp-json\/wp\/v2\/tags?post=925"}],"curies":[{"name":"wp","href":"https:\/\/api.w.org\/{rel}","templated":true}]}}